{"id":2759,"date":"2025-06-17T04:57:55","date_gmt":"2025-06-16T20:57:55","guid":{"rendered":"https:\/\/sanezenrubber.com\/?page_id=2759"},"modified":"2025-06-17T05:48:44","modified_gmt":"2025-06-16T21:48:44","slug":"respetuoso-con-el-medio-ambiente","status":"publish","type":"page","link":"https:\/\/sanezenrubber.com\/es\/environmental-friendly\/","title":{"rendered":"Amigable con el medio ambiente"},"content":{"rendered":"<div data-elementor-type=\"wp-page\" data-elementor-id=\"2759\" class=\"elementor elementor-2759\" data-elementor-post-type=\"page\">\n\t\t\t\t<div class=\"elementor-element elementor-element-0000ca4 e-con-full e-flex e-con e-parent\" data-id=\"0000ca4\" data-element_type=\"container\" data-settings=\"{&quot;background_background&quot;:&quot;classic&quot;}\">\n\t\t<div class=\"elementor-element elementor-element-ca7ac35 e-flex e-con-boxed e-con e-child\" data-id=\"ca7ac35\" data-element_type=\"container\">\n\t\t\t\t\t<div class=\"e-con-inner\">\n\t\t\t\t<div class=\"elementor-element elementor-element-8eac968 elementor-widget elementor-widget-heading\" data-id=\"8eac968\" data-element_type=\"widget\" data-widget_type=\"heading.default\">\n\t\t\t\t<div class=\"elementor-widget-container\">\n\t\t\t\t\t<h1 class=\"elementor-heading-title elementor-size-default\">Sostenibilidad<\/h1>\t\t\t\t<\/div>\n\t\t\t\t<\/div>\n\t\t\t\t\t<\/div>\n\t\t\t\t<\/div>\n\t\t\t\t<\/div>\n\t\t<div class=\"elementor-element elementor-element-470cc45 e-flex e-con-boxed e-con e-parent\" data-id=\"470cc45\" data-element_type=\"container\" data-settings=\"{&quot;background_background&quot;:&quot;classic&quot;}\">\n\t\t\t\t\t<div class=\"e-con-inner\">\n\t\t<div class=\"elementor-element elementor-element-c4c8bec e-con-full e-flex e-con e-child\" data-id=\"c4c8bec\" data-element_type=\"container\">\n\t\t\t\t<div class=\"elementor-element elementor-element-68fef1d elementor-widget elementor-widget-heading\" data-id=\"68fef1d\" data-element_type=\"widget\" data-widget_type=\"heading.default\">\n\t\t\t\t<div class=\"elementor-widget-container\">\n\t\t\t\t\t<h2 class=\"elementor-heading-title elementor-size-default\">Desarrollo de aplicaciones<\/h2>\t\t\t\t<\/div>\n\t\t\t\t<\/div>\n\t\t\t\t<div class=\"elementor-element elementor-element-4d5715c elementor-widget-divider--view-line elementor-widget elementor-widget-divider\" data-id=\"4d5715c\" data-element_type=\"widget\" data-widget_type=\"divider.default\">\n\t\t\t\t<div class=\"elementor-widget-container\">\n\t\t\t\t\t\t\t<div class=\"elementor-divider\">\n\t\t\t<span class=\"elementor-divider-separator\">\n\t\t\t\t\t\t<\/span>\n\t\t<\/div>\n\t\t\t\t\t\t<\/div>\n\t\t\t\t<\/div>\n\t\t\t\t<div class=\"elementor-element elementor-element-5c55f18 elementor-widget elementor-widget-text-editor\" data-id=\"5c55f18\" data-element_type=\"widget\" data-widget_type=\"text-editor.default\">\n\t\t\t\t<div class=\"elementor-widget-container\">\n\t\t\t\t\t\t\t\t\t<p>En el Grupo Sanezen desarrollamos nuestra actividad siguiendo los principios rectores de \"<strong>Responsabilidad<\/strong><strong> &amp;<\/strong><strong> Atenci\u00f3n<\/strong>\"y se esforzar\u00e1 por cumplir todos los requisitos legales e internos aplicables en materia de medio ambiente, salud, seguridad y protecci\u00f3n (<strong>EHSS<\/strong>). Nuestro enfoque en la excelencia operativa permite la mejora continua de nuestros sistemas, productos y actividades de EHSS. Estas iniciativas nos permiten conservar mejor la energ\u00eda y los recursos naturales, prevenir la contaminaci\u00f3n y proteger la salud, la seguridad y la protecci\u00f3n de nuestros empleados y del p\u00fablico.<\/p>\n<p><strong>Nuestra pol\u00edtica 3-BEST<\/strong><\/p>\nLa seguridad del medio ambiente, las personas y las comunidades es importante para nosotros. Los Principios Rectores de Conducta Responsable son clave para nuestra historia y nuestro futuro. Prometemos llevar a cabo todos los aspectos de nuestro negocio para salvaguardar a nuestros empleados, las comunidades en las que vivimos y trabajamos y el medio ambiente.<br>\nInspeccionamos cada paso cr\u00edtico en nuestras actividades de ventas y marketing y en los procesos de fabricaci\u00f3n, as\u00ed como cada pieza vital del equipo de nuestras plantas, y nos esforzamos por proteger a todas las personas cuya vida se ve afectada diariamente por nuestros productos, incluidas las que fabrican, transportan, compran, utilizan y manipulan nuestros materiales.<br>Hemos fijado nuestro objetivo en un impacto negativo cero sobre las personas, el medio ambiente y nuestra reputaci\u00f3n. Mediremos nuestro \u00e9xito utilizando criterios mundialmente reconocidos desarrollados por el Instituto Americano de Ingenieros Qu\u00edmicos (<strong>AICHE<\/strong>) Centro para la Seguridad de los Procesos Qu\u00edmicos. Estamos poniendo el list\u00f3n muy alto para alcanzar este objetivo en nuestras operaciones en todo el mundo.\t\t\t\t\t\t\t\t<\/div>\n\t\t\t\t<\/div>\n\t\t\t\t<\/div>\n\t\t\t\t\t<\/div>\n\t\t\t\t<\/div>\n\t\t<div class=\"elementor-element elementor-element-24f232e e-flex e-con-boxed e-con e-parent\" data-id=\"24f232e\" data-element_type=\"container\" data-settings=\"{&quot;background_background&quot;:&quot;classic&quot;}\">\n\t\t\t\t\t<div class=\"e-con-inner\">\n\t\t\t\t<div class=\"elementor-element elementor-element-02dbbf9 elementor-widget elementor-widget-heading\" data-id=\"02dbbf9\" data-element_type=\"widget\" data-widget_type=\"heading.default\">\n\t\t\t\t<div class=\"elementor-widget-container\">\n\t\t\t\t\t<h3 class=\"elementor-heading-title elementor-size-default\">Disposici\u00f3n ESG y esfuerzos de SaneZen\n<\/h3>\t\t\t\t<\/div>\n\t\t\t\t<\/div>\n\t\t\t\t<div class=\"elementor-element elementor-element-5d60af3 elementor-widget elementor-widget-image\" data-id=\"5d60af3\" data-element_type=\"widget\" data-widget_type=\"image.default\">\n\t\t\t\t<div class=\"elementor-widget-container\">\n\t\t\t\t\t\t\t\t\t\t\t\t\t\t\t<img fetchpriority=\"high\" decoding=\"async\" width=\"1287\" height=\"966\" src=\"https:\/\/sanezenrubber.com\/wp-content\/uploads\/2025\/06\/ESG-Layout-and-Efforts-of-SaneZen.webp\" class=\"attachment-full size-full wp-image-2761\" alt=\"Disposici\u00f3n ESG y esfuerzos de SaneZen\" srcset=\"https:\/\/sanezenrubber.com\/wp-content\/uploads\/2025\/06\/ESG-Layout-and-Efforts-of-SaneZen.webp 1287w, https:\/\/sanezenrubber.com\/wp-content\/uploads\/2025\/06\/ESG-Layout-and-Efforts-of-SaneZen-300x225.webp 300w, https:\/\/sanezenrubber.com\/wp-content\/uploads\/2025\/06\/ESG-Layout-and-Efforts-of-SaneZen-1024x769.webp 1024w, https:\/\/sanezenrubber.com\/wp-content\/uploads\/2025\/06\/ESG-Layout-and-Efforts-of-SaneZen-768x576.webp 768w, https:\/\/sanezenrubber.com\/wp-content\/uploads\/2025\/06\/ESG-Layout-and-Efforts-of-SaneZen-500x375.webp 500w, https:\/\/sanezenrubber.com\/wp-content\/uploads\/2025\/06\/ESG-Layout-and-Efforts-of-SaneZen-600x450.webp 600w\" sizes=\"(max-width: 1287px) 100vw, 1287px\" \/>\t\t\t\t\t\t\t\t\t\t\t\t\t\t\t<\/div>\n\t\t\t\t<\/div>\n\t\t\t\t<div class=\"elementor-element elementor-element-b8425df elementor-widget elementor-widget-heading\" data-id=\"b8425df\" data-element_type=\"widget\" data-widget_type=\"heading.default\">\n\t\t\t\t<div class=\"elementor-widget-container\">\n\t\t\t\t\t<h3 class=\"elementor-heading-title elementor-size-default\">Direcci\u00f3n de desarrollo de SaneZen: \n<\/h3>\t\t\t\t<\/div>\n\t\t\t\t<\/div>\n\t\t\t\t<div class=\"elementor-element elementor-element-e65479f elementor-widget elementor-widget-heading\" data-id=\"e65479f\" data-element_type=\"widget\" data-widget_type=\"heading.default\">\n\t\t\t\t<div class=\"elementor-widget-container\">\n\t\t\t\t\t<h4 class=\"elementor-heading-title elementor-size-default\">Innovaci\u00f3n ecol\u00f3gica y fabricaci\u00f3n inteligente Futuro del caucho con carbono cero\n<\/h4>\t\t\t\t<\/div>\n\t\t\t\t<\/div>\n\t\t\t\t<div class=\"elementor-element elementor-element-0405791 elementor-widget elementor-widget-image\" data-id=\"0405791\" data-element_type=\"widget\" data-widget_type=\"image.default\">\n\t\t\t\t<div class=\"elementor-widget-container\">\n\t\t\t\t\t\t\t\t\t\t\t\t\t\t\t<img decoding=\"async\" width=\"1326\" height=\"825\" data-src=\"https:\/\/sanezenrubber.com\/wp-content\/uploads\/2025\/06\/SaneZen-Development-Direction.webp\" class=\"attachment-full size-full wp-image-2762 lazyload\" alt=\"Direcci\u00f3n de Desarrollo de SaneZen\" data-srcset=\"https:\/\/sanezenrubber.com\/wp-content\/uploads\/2025\/06\/SaneZen-Development-Direction.webp 1326w, https:\/\/sanezenrubber.com\/wp-content\/uploads\/2025\/06\/SaneZen-Development-Direction-300x187.webp 300w, https:\/\/sanezenrubber.com\/wp-content\/uploads\/2025\/06\/SaneZen-Development-Direction-1024x637.webp 1024w, https:\/\/sanezenrubber.com\/wp-content\/uploads\/2025\/06\/SaneZen-Development-Direction-768x478.webp 768w, https:\/\/sanezenrubber.com\/wp-content\/uploads\/2025\/06\/SaneZen-Development-Direction-500x311.webp 500w, https:\/\/sanezenrubber.com\/wp-content\/uploads\/2025\/06\/SaneZen-Development-Direction-600x373.webp 600w\" data-sizes=\"(max-width: 1326px) 100vw, 1326px\" src=\"data:image\/svg+xml;base64,PHN2ZyB3aWR0aD0iMSIgaGVpZ2h0PSIxIiB4bWxucz0iaHR0cDovL3d3dy53My5vcmcvMjAwMC9zdmciPjwvc3ZnPg==\" style=\"--smush-placeholder-width: 1326px; --smush-placeholder-aspect-ratio: 1326\/825;\" \/>\t\t\t\t\t\t\t\t\t\t\t\t\t\t\t<\/div>\n\t\t\t\t<\/div>\n\t\t\t\t\t<\/div>\n\t\t\t\t<\/div>\n\t\t\t\t<\/div>","protected":false},"excerpt":{"rendered":"<p>Sustainability Application Development At Sanezen Group, we conduct our business following the Guiding Principles of \u201cResponsibility &amp; Care\u201d and endeavor to comply with all applicable legal and internal Environmental, Health, Safety and Security (EHSS) requirements. Our focus on operational excellence enables continual improvement of our EHSS systems, products and activities. These initiatives allow us to [&hellip;]<\/p>","protected":false},"author":1,"featured_media":0,"parent":0,"menu_order":0,"comment_status":"closed","ping_status":"closed","template":"elementor_header_footer","meta":{"_acf_changed":false,"_seopress_robots_primary_cat":"","_seopress_titles_title":"","_seopress_titles_desc":"","_seopress_robots_index":"","footnotes":""},"class_list":["post-2759","page","type-page","status-publish","hentry"],"blocksy_meta":[],"acf":[],"_links":{"self":[{"href":"https:\/\/sanezenrubber.com\/es\/wp-json\/wp\/v2\/pages\/2759","targetHints":{"allow":["GET"]}}],"collection":[{"href":"https:\/\/sanezenrubber.com\/es\/wp-json\/wp\/v2\/pages"}],"about":[{"href":"https:\/\/sanezenrubber.com\/es\/wp-json\/wp\/v2\/types\/page"}],"author":[{"embeddable":true,"href":"https:\/\/sanezenrubber.com\/es\/wp-json\/wp\/v2\/users\/1"}],"replies":[{"embeddable":true,"href":"https:\/\/sanezenrubber.com\/es\/wp-json\/wp\/v2\/comments?post=2759"}],"version-history":[{"count":7,"href":"https:\/\/sanezenrubber.com\/es\/wp-json\/wp\/v2\/pages\/2759\/revisions"}],"predecessor-version":[{"id":2793,"href":"https:\/\/sanezenrubber.com\/es\/wp-json\/wp\/v2\/pages\/2759\/revisions\/2793"}],"wp:attachment":[{"href":"https:\/\/sanezenrubber.com\/es\/wp-json\/wp\/v2\/media?parent=2759"}],"curies":[{"name":"wp","href":"https:\/\/api.w.org\/{rel}","templated":true}]}}