{"id":2781,"date":"2025-06-17T05:36:27","date_gmt":"2025-06-16T21:36:27","guid":{"rendered":"https:\/\/sanezenrubber.com\/?page_id=2781"},"modified":"2025-06-17T05:48:30","modified_gmt":"2025-06-16T21:48:30","slug":"pionero-antiepidemico","status":"publish","type":"page","link":"https:\/\/sanezenrubber.com\/es\/anti-epidemic-pioneer\/","title":{"rendered":"Pionero antiepid\u00e9mico"},"content":{"rendered":"<div data-elementor-type=\"wp-page\" data-elementor-id=\"2781\" class=\"elementor elementor-2781\" data-elementor-post-type=\"page\">\n\t\t\t\t<div class=\"elementor-element elementor-element-2c3cce0 e-con-full e-flex e-con e-parent\" data-id=\"2c3cce0\" data-element_type=\"container\" data-settings=\"{&quot;background_background&quot;:&quot;classic&quot;}\">\n\t\t<div class=\"elementor-element elementor-element-886b423 e-flex e-con-boxed e-con e-child\" data-id=\"886b423\" data-element_type=\"container\">\n\t\t\t\t\t<div class=\"e-con-inner\">\n\t\t\t\t<div class=\"elementor-element elementor-element-9773ca6 elementor-widget elementor-widget-heading\" data-id=\"9773ca6\" data-element_type=\"widget\" data-widget_type=\"heading.default\">\n\t\t\t\t<div class=\"elementor-widget-container\">\n\t\t\t\t\t<h1 class=\"elementor-heading-title elementor-size-default\">Sostenibilidad<\/h1>\t\t\t\t<\/div>\n\t\t\t\t<\/div>\n\t\t\t\t\t<\/div>\n\t\t\t\t<\/div>\n\t\t\t\t<\/div>\n\t\t<div class=\"elementor-element elementor-element-dec4ee7 e-flex e-con-boxed e-con e-parent\" data-id=\"dec4ee7\" data-element_type=\"container\" data-settings=\"{&quot;background_background&quot;:&quot;classic&quot;}\">\n\t\t\t\t\t<div class=\"e-con-inner\">\n\t\t<div class=\"elementor-element elementor-element-83dc6c5 e-con-full e-flex e-con e-child\" data-id=\"83dc6c5\" data-element_type=\"container\">\n\t\t\t\t<div class=\"elementor-element elementor-element-05db02b elementor-widget elementor-widget-heading\" data-id=\"05db02b\" data-element_type=\"widget\" data-widget_type=\"heading.default\">\n\t\t\t\t<div class=\"elementor-widget-container\">\n\t\t\t\t\t<h2 class=\"elementor-heading-title elementor-size-default\">\t\nLa primera Copa SaneZen<\/h2>\t\t\t\t<\/div>\n\t\t\t\t<\/div>\n\t\t\t\t<div class=\"elementor-element elementor-element-b811e47 elementor-widget-divider--view-line elementor-widget elementor-widget-divider\" data-id=\"b811e47\" data-element_type=\"widget\" data-widget_type=\"divider.default\">\n\t\t\t\t<div class=\"elementor-widget-container\">\n\t\t\t\t\t\t\t<div class=\"elementor-divider\">\n\t\t\t<span class=\"elementor-divider-separator\">\n\t\t\t\t\t\t<\/span>\n\t\t<\/div>\n\t\t\t\t\t\t<\/div>\n\t\t\t\t<\/div>\n\t\t\t\t<div class=\"elementor-element elementor-element-f1d6e29 elementor-widget elementor-widget-text-editor\" data-id=\"f1d6e29\" data-element_type=\"widget\" data-widget_type=\"text-editor.default\">\n\t\t\t\t<div class=\"elementor-widget-container\">\n\t\t\t\t\t\t\t\t\t<p>El Grupo SaneZen responde activamente a la llamada de la sociedad, es flexible ante las dificultades y contribuye al desarrollo de la industria del caucho y el pl\u00e1stico. Afectados por la \"epidemia\", la comunicaci\u00f3n social, la log\u00edstica y la informaci\u00f3n de la industria se han visto muy afectadas.<\/p><p>SaneZen organiza activamente concursos de conocimientos en la industria del caucho y el pl\u00e1stico, ayudando a los colegas a mantener una actitud de aprendizaje positiva frente a las dificultades y promoviendo el desarrollo de la industria del caucho y el pl\u00e1stico.<\/p><p>Al mismo tiempo, para promover el movimiento activo de los colegas del sector, se invita especialmente a Xie Lide, decano del Instituto de Salud Taiji de Shanghai, a que ense\u00f1e personalmente los \"Ocho m\u00e9todos Wudang\" para ayudar a todos a mantenerse en forma y luchar juntos contra la epidemia.<\/p>\t\t\t\t\t\t\t\t<\/div>\n\t\t\t\t<\/div>\n\t\t<div class=\"elementor-element elementor-element-2529e2f e-con-full e-flex e-con e-child\" data-id=\"2529e2f\" data-element_type=\"container\">\n\t\t<div class=\"elementor-element elementor-element-2f3b1ed e-con-full e-flex e-con e-child\" data-id=\"2f3b1ed\" data-element_type=\"container\">\n\t\t\t\t<div class=\"elementor-element elementor-element-2b5d397 elementor-widget elementor-widget-image\" data-id=\"2b5d397\" data-element_type=\"widget\" data-widget_type=\"image.default\">\n\t\t\t\t<div class=\"elementor-widget-container\">\n\t\t\t\t\t\t\t\t\t\t\t\t\t\t\t<img fetchpriority=\"high\" decoding=\"async\" width=\"874\" height=\"523\" src=\"https:\/\/sanezenrubber.com\/wp-content\/uploads\/2025\/06\/Documents-of-China-Rubber-Industry-Association-Rubber-Products-Branch.webp\" class=\"attachment-large size-large wp-image-2784\" alt=\"Documentos de la Asociaci\u00f3n China de la Industria del Caucho-Rama de Productos de Caucho\" srcset=\"https:\/\/sanezenrubber.com\/wp-content\/uploads\/2025\/06\/Documents-of-China-Rubber-Industry-Association-Rubber-Products-Branch.webp 874w, https:\/\/sanezenrubber.com\/wp-content\/uploads\/2025\/06\/Documents-of-China-Rubber-Industry-Association-Rubber-Products-Branch-300x180.webp 300w, https:\/\/sanezenrubber.com\/wp-content\/uploads\/2025\/06\/Documents-of-China-Rubber-Industry-Association-Rubber-Products-Branch-768x460.webp 768w, https:\/\/sanezenrubber.com\/wp-content\/uploads\/2025\/06\/Documents-of-China-Rubber-Industry-Association-Rubber-Products-Branch-500x299.webp 500w, https:\/\/sanezenrubber.com\/wp-content\/uploads\/2025\/06\/Documents-of-China-Rubber-Industry-Association-Rubber-Products-Branch-600x359.webp 600w\" sizes=\"(max-width: 874px) 100vw, 874px\" \/>\t\t\t\t\t\t\t\t\t\t\t\t\t\t\t<\/div>\n\t\t\t\t<\/div>\n\t\t\t\t<\/div>\n\t\t<div class=\"elementor-element elementor-element-94fbe3b e-con-full e-flex e-con e-child\" data-id=\"94fbe3b\" data-element_type=\"container\">\n\t\t\t\t<div class=\"elementor-element elementor-element-20be501 elementor-widget elementor-widget-image\" data-id=\"20be501\" data-element_type=\"widget\" data-widget_type=\"image.default\">\n\t\t\t\t<div class=\"elementor-widget-container\">\n\t\t\t\t\t\t\t\t\t\t\t\t\t\t\t<img decoding=\"async\" width=\"897\" height=\"573\" data-src=\"https:\/\/sanezenrubber.com\/wp-content\/uploads\/2025\/06\/Advanced-Unit-of-Anti-epidemic-Work.webp\" class=\"attachment-large size-large wp-image-2783 lazyload\" alt=\"Unidad avanzada de lucha contra las epidemias\" data-srcset=\"https:\/\/sanezenrubber.com\/wp-content\/uploads\/2025\/06\/Advanced-Unit-of-Anti-epidemic-Work.webp 897w, https:\/\/sanezenrubber.com\/wp-content\/uploads\/2025\/06\/Advanced-Unit-of-Anti-epidemic-Work-300x192.webp 300w, https:\/\/sanezenrubber.com\/wp-content\/uploads\/2025\/06\/Advanced-Unit-of-Anti-epidemic-Work-768x491.webp 768w, https:\/\/sanezenrubber.com\/wp-content\/uploads\/2025\/06\/Advanced-Unit-of-Anti-epidemic-Work-500x319.webp 500w, https:\/\/sanezenrubber.com\/wp-content\/uploads\/2025\/06\/Advanced-Unit-of-Anti-epidemic-Work-600x383.webp 600w\" data-sizes=\"(max-width: 897px) 100vw, 897px\" src=\"data:image\/svg+xml;base64,PHN2ZyB3aWR0aD0iMSIgaGVpZ2h0PSIxIiB4bWxucz0iaHR0cDovL3d3dy53My5vcmcvMjAwMC9zdmciPjwvc3ZnPg==\" style=\"--smush-placeholder-width: 897px; --smush-placeholder-aspect-ratio: 897\/573;\" \/>\t\t\t\t\t\t\t\t\t\t\t\t\t\t\t<\/div>\n\t\t\t\t<\/div>\n\t\t\t\t<\/div>\n\t\t\t\t<\/div>\n\t\t\t\t<\/div>\n\t\t\t\t\t<\/div>\n\t\t\t\t<\/div>\n\t\t\t\t<\/div>","protected":false},"excerpt":{"rendered":"<p>Sustainability The first SaneZen Cup SaneZen Group actively responds to the call of the society, is flexible in the face of difficulties, and contributes to the development of the rubber and plastics industry. Affected by the &#8220;epidemic&#8221;, social communication, logistics, and industry information have been greatly affected. SaneZen actively organizes knowledge competitions in the rubber [&hellip;]<\/p>","protected":false},"author":1,"featured_media":0,"parent":0,"menu_order":0,"comment_status":"closed","ping_status":"closed","template":"elementor_header_footer","meta":{"_acf_changed":false,"_seopress_robots_primary_cat":"","_seopress_titles_title":"","_seopress_titles_desc":"","_seopress_robots_index":"","footnotes":""},"class_list":["post-2781","page","type-page","status-publish","hentry"],"blocksy_meta":[],"acf":[],"_links":{"self":[{"href":"https:\/\/sanezenrubber.com\/es\/wp-json\/wp\/v2\/pages\/2781","targetHints":{"allow":["GET"]}}],"collection":[{"href":"https:\/\/sanezenrubber.com\/es\/wp-json\/wp\/v2\/pages"}],"about":[{"href":"https:\/\/sanezenrubber.com\/es\/wp-json\/wp\/v2\/types\/page"}],"author":[{"embeddable":true,"href":"https:\/\/sanezenrubber.com\/es\/wp-json\/wp\/v2\/users\/1"}],"replies":[{"embeddable":true,"href":"https:\/\/sanezenrubber.com\/es\/wp-json\/wp\/v2\/comments?post=2781"}],"version-history":[{"count":5,"href":"https:\/\/sanezenrubber.com\/es\/wp-json\/wp\/v2\/pages\/2781\/revisions"}],"predecessor-version":[{"id":2792,"href":"https:\/\/sanezenrubber.com\/es\/wp-json\/wp\/v2\/pages\/2781\/revisions\/2792"}],"wp:attachment":[{"href":"https:\/\/sanezenrubber.com\/es\/wp-json\/wp\/v2\/media?parent=2781"}],"curies":[{"name":"wp","href":"https:\/\/api.w.org\/{rel}","templated":true}]}}