{"id":540,"date":"2025-04-29T01:51:39","date_gmt":"2025-04-28T17:51:39","guid":{"rendered":"http:\/\/111.170.148.214:8093\/?page_id=540"},"modified":"2025-07-03T16:05:31","modified_gmt":"2025-07-03T08:05:31","slug":"innovacion","status":"publish","type":"page","link":"https:\/\/sanezenrubber.com\/es\/innovation\/","title":{"rendered":"Innovaci\u00f3n"},"content":{"rendered":"<div data-elementor-type=\"wp-page\" data-elementor-id=\"540\" class=\"elementor elementor-540\" data-elementor-post-type=\"page\">\n\t\t\t\t<div class=\"elementor-element elementor-element-6c505cc e-flex e-con-boxed e-con e-parent\" data-id=\"6c505cc\" data-element_type=\"container\" data-settings=\"{&quot;background_background&quot;:&quot;classic&quot;}\">\n\t\t\t\t\t<div class=\"e-con-inner\">\n\t\t<div class=\"elementor-element elementor-element-ec94175 e-con-full e-flex e-con e-child\" data-id=\"ec94175\" data-element_type=\"container\">\n\t\t\t\t<\/div>\n\t\t\t\t\t<\/div>\n\t\t\t\t<\/div>\n\t\t<div class=\"elementor-element elementor-element-13a521b e-flex e-con-boxed e-con e-parent\" data-id=\"13a521b\" data-element_type=\"container\">\n\t\t\t\t\t<div class=\"e-con-inner\">\n\t\t<div class=\"elementor-element elementor-element-b8b2225 e-con-full e-flex e-con e-child\" data-id=\"b8b2225\" data-element_type=\"container\" data-settings=\"{&quot;background_background&quot;:&quot;classic&quot;}\">\n\t\t<div class=\"elementor-element elementor-element-b499be5 e-con-full e-flex e-con e-child\" data-id=\"b499be5\" data-element_type=\"container\">\n\t\t\t\t<div class=\"elementor-element elementor-element-d5f5a36 elementor-widget elementor-widget-heading\" data-id=\"d5f5a36\" data-element_type=\"widget\" data-widget_type=\"heading.default\">\n\t\t\t\t<div class=\"elementor-widget-container\">\n\t\t\t\t\t<h2 class=\"elementor-heading-title elementor-size-default\"><a href=\"https:\/\/sanezenrubber.com\/es\/innovation\/sanezen-new-materialsresearch-institute\/\">SaneZen Nuevos materiales <br>\nInstituto de Investigaci\u00f3n   <i style=\"color:#1e67b4\"> \u2192<\/i><\/a><\/h2>\t\t\t\t<\/div>\n\t\t\t\t<\/div>\n\t\t\t\t<div class=\"elementor-element elementor-element-35f7e5e elementor-widget elementor-widget-text-editor\" data-id=\"35f7e5e\" data-element_type=\"widget\" data-widget_type=\"text-editor.default\">\n\t\t\t\t<div class=\"elementor-widget-container\">\n\t\t\t\t\t\t\t\t\t<p>Nos comprometemos a promover la innovaci\u00f3n y el desarrollo de materiales de caucho, centr\u00e1ndonos en la investigaci\u00f3n de materiales especiales como la degradabilidad, la conductividad t\u00e9rmica y la superconductividad.<\/p>\t\t\t\t\t\t\t\t<\/div>\n\t\t\t\t<\/div>\n\t\t\t\t<\/div>\n\t\t<div class=\"elementor-element elementor-element-7c5027d e-con-full e-flex e-con e-child\" data-id=\"7c5027d\" data-element_type=\"container\">\n\t\t\t\t<div class=\"elementor-element elementor-element-57c2b4e elementor-widget__width-initial elementor-widget elementor-widget-image\" data-id=\"57c2b4e\" data-element_type=\"widget\" data-widget_type=\"image.default\">\n\t\t\t\t<div class=\"elementor-widget-container\">\n\t\t\t\t\t\t\t\t\t\t\t\t\t\t\t<img alt=\"\" fetchpriority=\"high\" decoding=\"async\" width=\"722\" height=\"456\" src=\"https:\/\/sanezenrubber.com\/wp-content\/uploads\/2025\/04\/edaSda.png\" class=\"attachment-full size-full wp-image-562\" srcset=\"https:\/\/sanezenrubber.com\/wp-content\/uploads\/2025\/04\/edaSda.png 722w, https:\/\/sanezenrubber.com\/wp-content\/uploads\/2025\/04\/edaSda-600x379.png 600w, https:\/\/sanezenrubber.com\/wp-content\/uploads\/2025\/04\/edaSda-500x316.png 500w, https:\/\/sanezenrubber.com\/wp-content\/uploads\/2025\/04\/edaSda-300x189.png 300w\" sizes=\"(max-width: 722px) 100vw, 722px\" \/>\t\t\t\t\t\t\t\t\t\t\t\t\t\t\t<\/div>\n\t\t\t\t<\/div>\n\t\t\t\t<\/div>\n\t\t\t\t<\/div>\n\t\t\t\t\t<\/div>\n\t\t\t\t<\/div>\n\t\t<div class=\"elementor-element elementor-element-f00ce41 e-flex e-con-boxed e-con e-parent\" data-id=\"f00ce41\" data-element_type=\"container\">\n\t\t\t\t\t<div class=\"e-con-inner\">\n\t\t<div class=\"elementor-element elementor-element-0491396 e-con-full e-flex e-con e-child\" data-id=\"0491396\" data-element_type=\"container\" data-settings=\"{&quot;background_background&quot;:&quot;classic&quot;}\">\n\t\t<div class=\"elementor-element elementor-element-cfb3681 e-con-full e-flex e-con e-child\" data-id=\"cfb3681\" data-element_type=\"container\">\n\t\t\t\t<div class=\"elementor-element elementor-element-2379bc7 elementor-widget__width-initial elementor-widget elementor-widget-image\" data-id=\"2379bc7\" data-element_type=\"widget\" data-widget_type=\"image.default\">\n\t\t\t\t<div class=\"elementor-widget-container\">\n\t\t\t\t\t\t\t\t\t\t\t\t\t\t\t<img alt=\"\" decoding=\"async\" width=\"735\" height=\"549\" data-src=\"https:\/\/sanezenrubber.com\/wp-content\/uploads\/2025\/04\/edas.png\" class=\"attachment-full size-full wp-image-579 lazyload\" data-srcset=\"https:\/\/sanezenrubber.com\/wp-content\/uploads\/2025\/04\/edas.png 735w, https:\/\/sanezenrubber.com\/wp-content\/uploads\/2025\/04\/edas-600x448.png 600w, https:\/\/sanezenrubber.com\/wp-content\/uploads\/2025\/04\/edas-500x373.png 500w, https:\/\/sanezenrubber.com\/wp-content\/uploads\/2025\/04\/edas-300x224.png 300w\" data-sizes=\"(max-width: 735px) 100vw, 735px\" src=\"data:image\/svg+xml;base64,PHN2ZyB3aWR0aD0iMSIgaGVpZ2h0PSIxIiB4bWxucz0iaHR0cDovL3d3dy53My5vcmcvMjAwMC9zdmciPjwvc3ZnPg==\" style=\"--smush-placeholder-width: 735px; --smush-placeholder-aspect-ratio: 735\/549;\" \/>\t\t\t\t\t\t\t\t\t\t\t\t\t\t\t<\/div>\n\t\t\t\t<\/div>\n\t\t\t\t<\/div>\n\t\t<div class=\"elementor-element elementor-element-e46f162 e-con-full e-flex e-con e-child\" data-id=\"e46f162\" data-element_type=\"container\">\n\t\t\t\t<div class=\"elementor-element elementor-element-14d681e elementor-widget elementor-widget-heading\" data-id=\"14d681e\" data-element_type=\"widget\" data-widget_type=\"heading.default\">\n\t\t\t\t<div class=\"elementor-widget-container\">\n\t\t\t\t\t<h2 class=\"elementor-heading-title elementor-size-default\"><a href=\"https:\/\/sanezenrubber.com\/es\/innovation\/lixin-technology-rd-center\/\">Tecnolog\u00eda LiXin <br>\nCentro de I+D  <i style=\"color:#1e67b4\"> \u2192<\/i><\/a><\/h2>\t\t\t\t<\/div>\n\t\t\t\t<\/div>\n\t\t\t\t<div class=\"elementor-element elementor-element-d44c744 elementor-widget elementor-widget-text-editor\" data-id=\"d44c744\" data-element_type=\"widget\" data-widget_type=\"text-editor.default\">\n\t\t\t\t<div class=\"elementor-widget-container\">\n\t\t\t\t\t\t\t\t\t<p>LiXin Technology R &amp; D Center es una instituci\u00f3n especializada en investigaci\u00f3n y desarrollo dedicada al estudio de materiales de caucho y tecnolog\u00edas relacionadas.<\/p>\t\t\t\t\t\t\t\t<\/div>\n\t\t\t\t<\/div>\n\t\t\t\t<\/div>\n\t\t\t\t<\/div>\n\t\t\t\t\t<\/div>\n\t\t\t\t<\/div>\n\t\t<div class=\"elementor-element elementor-element-9622d00 e-flex e-con-boxed e-con e-parent\" data-id=\"9622d00\" data-element_type=\"container\">\n\t\t\t\t\t<div class=\"e-con-inner\">\n\t\t<div class=\"elementor-element elementor-element-a365dea e-con-full e-flex e-con e-child\" data-id=\"a365dea\" data-element_type=\"container\" data-settings=\"{&quot;background_background&quot;:&quot;classic&quot;}\">\n\t\t<div class=\"elementor-element elementor-element-273397b e-con-full e-flex e-con e-child\" data-id=\"273397b\" data-element_type=\"container\">\n\t\t\t\t<div class=\"elementor-element elementor-element-c0c0558 elementor-widget elementor-widget-heading\" data-id=\"c0c0558\" data-element_type=\"widget\" data-widget_type=\"heading.default\">\n\t\t\t\t<div class=\"elementor-widget-container\">\n\t\t\t\t\t<h2 class=\"elementor-heading-title elementor-size-default\"><a href=\"https:\/\/sanezenrubber.com\/es\/innovation\/sanexin-technology-rd-center\/\">Tecnolog\u00eda SaneXin <br>\nCentro de I+D<i style=\"color:#1e67b4\"> \u2192<\/i><\/a><\/h2>\t\t\t\t<\/div>\n\t\t\t\t<\/div>\n\t\t\t\t<div class=\"elementor-element elementor-element-a8ec0e9 elementor-widget elementor-widget-text-editor\" data-id=\"a8ec0e9\" data-element_type=\"widget\" data-widget_type=\"text-editor.default\">\n\t\t\t\t<div class=\"elementor-widget-container\">\n\t\t\t\t\t\t\t\t\t<p>SaneXin Technology R &amp; D Center es una instituci\u00f3n especializada que integra la producci\u00f3n de caucho de silicona de color y caucho de fluorosilicona con la investigaci\u00f3n y el desarrollo de rellenos de caucho y retardantes de llama.<\/p>\t\t\t\t\t\t\t\t<\/div>\n\t\t\t\t<\/div>\n\t\t\t\t<\/div>\n\t\t<div class=\"elementor-element elementor-element-db99a1d e-con-full e-flex e-con e-child\" data-id=\"db99a1d\" data-element_type=\"container\">\n\t\t\t\t<div class=\"elementor-element elementor-element-206ad0b elementor-widget__width-initial elementor-widget elementor-widget-image\" data-id=\"206ad0b\" data-element_type=\"widget\" data-widget_type=\"image.default\">\n\t\t\t\t<div class=\"elementor-widget-container\">\n\t\t\t\t\t\t\t\t\t\t\t\t\t\t\t<img alt=\"\" decoding=\"async\" width=\"743\" height=\"471\" data-src=\"https:\/\/sanezenrubber.com\/wp-content\/uploads\/2025\/04\/sfds213.png\" class=\"attachment-full size-full wp-image-580 lazyload\" data-srcset=\"https:\/\/sanezenrubber.com\/wp-content\/uploads\/2025\/04\/sfds213.png 743w, https:\/\/sanezenrubber.com\/wp-content\/uploads\/2025\/04\/sfds213-600x380.png 600w, https:\/\/sanezenrubber.com\/wp-content\/uploads\/2025\/04\/sfds213-500x317.png 500w, https:\/\/sanezenrubber.com\/wp-content\/uploads\/2025\/04\/sfds213-300x190.png 300w\" data-sizes=\"(max-width: 743px) 100vw, 743px\" src=\"data:image\/svg+xml;base64,PHN2ZyB3aWR0aD0iMSIgaGVpZ2h0PSIxIiB4bWxucz0iaHR0cDovL3d3dy53My5vcmcvMjAwMC9zdmciPjwvc3ZnPg==\" style=\"--smush-placeholder-width: 743px; --smush-placeholder-aspect-ratio: 743\/471;\" \/>\t\t\t\t\t\t\t\t\t\t\t\t\t\t\t<\/div>\n\t\t\t\t<\/div>\n\t\t\t\t<\/div>\n\t\t\t\t<\/div>\n\t\t\t\t\t<\/div>\n\t\t\t\t<\/div>\n\t\t<div class=\"elementor-element elementor-element-f2218e8 e-flex e-con-boxed e-con e-parent\" data-id=\"f2218e8\" data-element_type=\"container\">\n\t\t\t\t\t<div class=\"e-con-inner\">\n\t\t<div class=\"elementor-element elementor-element-5c526c7 e-con-full e-flex e-con e-child\" data-id=\"5c526c7\" data-element_type=\"container\" data-settings=\"{&quot;background_background&quot;:&quot;classic&quot;}\">\n\t\t<div class=\"elementor-element elementor-element-a7e35c4 e-con-full e-flex e-con e-child\" data-id=\"a7e35c4\" data-element_type=\"container\">\n\t\t\t\t<div class=\"elementor-element elementor-element-2500c10 elementor-widget__width-initial elementor-widget elementor-widget-image\" data-id=\"2500c10\" data-element_type=\"widget\" data-widget_type=\"image.default\">\n\t\t\t\t<div class=\"elementor-widget-container\">\n\t\t\t\t\t\t\t\t\t\t\t\t\t\t\t<img alt=\"\" decoding=\"async\" width=\"680\" height=\"416\" data-src=\"https:\/\/sanezenrubber.com\/wp-content\/uploads\/2025\/04\/fdv234.png\" class=\"attachment-full size-full wp-image-581 lazyload\" data-srcset=\"https:\/\/sanezenrubber.com\/wp-content\/uploads\/2025\/04\/fdv234.png 680w, https:\/\/sanezenrubber.com\/wp-content\/uploads\/2025\/04\/fdv234-600x367.png 600w, https:\/\/sanezenrubber.com\/wp-content\/uploads\/2025\/04\/fdv234-500x306.png 500w, https:\/\/sanezenrubber.com\/wp-content\/uploads\/2025\/04\/fdv234-300x184.png 300w\" data-sizes=\"(max-width: 680px) 100vw, 680px\" src=\"data:image\/svg+xml;base64,PHN2ZyB3aWR0aD0iMSIgaGVpZ2h0PSIxIiB4bWxucz0iaHR0cDovL3d3dy53My5vcmcvMjAwMC9zdmciPjwvc3ZnPg==\" style=\"--smush-placeholder-width: 680px; --smush-placeholder-aspect-ratio: 680\/416;\" \/>\t\t\t\t\t\t\t\t\t\t\t\t\t\t\t<\/div>\n\t\t\t\t<\/div>\n\t\t\t\t<\/div>\n\t\t<div class=\"elementor-element elementor-element-601f2f9 e-con-full e-flex e-con e-child\" data-id=\"601f2f9\" data-element_type=\"container\">\n\t\t\t\t<div class=\"elementor-element elementor-element-854f057 elementor-widget elementor-widget-heading\" data-id=\"854f057\" data-element_type=\"widget\" data-widget_type=\"heading.default\">\n\t\t\t\t<div class=\"elementor-widget-container\">\n\t\t\t\t\t<h2 class=\"elementor-heading-title elementor-size-default\"><a href=\"https:\/\/sanezenrubber.com\/es\/innovation\/sanezen-changzhou-rd-center\/\">SaneZen (Changzhou) <br \/>\nCentro de I+D  <i style=\"color:#1e67b4\"> \u2192<\/i><\/a><\/h2>\t\t\t\t<\/div>\n\t\t\t\t<\/div>\n\t\t\t\t<div class=\"elementor-element elementor-element-028663c elementor-widget elementor-widget-text-editor\" data-id=\"028663c\" data-element_type=\"widget\" data-widget_type=\"text-editor.default\">\n\t\t\t\t<div class=\"elementor-widget-container\">\n\t\t\t\t\t\t\t\t\t<p>El Centro de I+D de SaneZen (Changzhou) est\u00e1 comprometido con el avance de la industria del caucho y el pl\u00e1stico a trav\u00e9s de la investigaci\u00f3n y el desarrollo de aplicaciones de aditivos funcionales, nuevos materiales de caucho y pl\u00e1stico y materiales compuestos.<\/p>\t\t\t\t\t\t\t\t<\/div>\n\t\t\t\t<\/div>\n\t\t\t\t<\/div>\n\t\t\t\t<\/div>\n\t\t\t\t\t<\/div>\n\t\t\t\t<\/div>\n\t\t\t\t<\/div>","protected":false},"excerpt":{"rendered":"<p>SaneZen New Materials Research Institute \u2192 We committed to promoting innovation and development in rubber materials, focusing on research of special materials such as degradability, thermal conductivity, and superconductivity. LiXin Technology R&amp;D Center \u2192 LiXin Technology R &amp; D Center is a specialized research and development institution dedicated to the study of rubber materials and [&hellip;]<\/p>","protected":false},"author":1,"featured_media":0,"parent":0,"menu_order":0,"comment_status":"closed","ping_status":"closed","template":"elementor_header_footer","meta":{"_acf_changed":false,"_seopress_robots_primary_cat":"","_seopress_titles_title":"","_seopress_titles_desc":"","_seopress_robots_index":"","footnotes":""},"class_list":["post-540","page","type-page","status-publish","hentry"],"blocksy_meta":[],"acf":[],"_links":{"self":[{"href":"https:\/\/sanezenrubber.com\/es\/wp-json\/wp\/v2\/pages\/540","targetHints":{"allow":["GET"]}}],"collection":[{"href":"https:\/\/sanezenrubber.com\/es\/wp-json\/wp\/v2\/pages"}],"about":[{"href":"https:\/\/sanezenrubber.com\/es\/wp-json\/wp\/v2\/types\/page"}],"author":[{"embeddable":true,"href":"https:\/\/sanezenrubber.com\/es\/wp-json\/wp\/v2\/users\/1"}],"replies":[{"embeddable":true,"href":"https:\/\/sanezenrubber.com\/es\/wp-json\/wp\/v2\/comments?post=540"}],"version-history":[{"count":77,"href":"https:\/\/sanezenrubber.com\/es\/wp-json\/wp\/v2\/pages\/540\/revisions"}],"predecessor-version":[{"id":1963,"href":"https:\/\/sanezenrubber.com\/es\/wp-json\/wp\/v2\/pages\/540\/revisions\/1963"}],"wp:attachment":[{"href":"https:\/\/sanezenrubber.com\/es\/wp-json\/wp\/v2\/media?parent=540"}],"curies":[{"name":"wp","href":"https:\/\/api.w.org\/{rel}","templated":true}]}}