{"id":1318,"date":"2025-05-23T20:22:45","date_gmt":"2025-05-23T12:22:45","guid":{"rendered":"https:\/\/sanezenrubber.com\/?post_type=product&#038;p=1318"},"modified":"2025-07-04T10:36:10","modified_gmt":"2025-07-04T02:36:10","slug":"nbr-pvc-caucho-mezclas-plasticas","status":"publish","type":"product","link":"https:\/\/sanezenrubber.com\/es\/product\/nbr-pvc-rubber-plastic-blends\/","title":{"rendered":"NBR PVC Caucho Mezclas pl\u00e1sticas"},"content":{"rendered":"<p><strong>Aplicaciones:<\/strong> El caucho de mezcla de caucho NV y pl\u00e1stico tiene excelentes propiedades, como resistencia al aceite, alta resistencia y alta dureza, por lo que es adecuado para la fabricaci\u00f3n de tuber\u00edas de petr\u00f3leo, tuber\u00edas de caucho, alambres y cables, fundas, correas, suelas, rodillos y otros productos.<\/p>\n<p><strong>Propiedades especiales: <\/strong><\/p>\n<ul>\n<li>Calandrado y extrusi\u00f3n r\u00e1pidos y superficie lisa<\/li>\n<li>La estabilidad de almacenamiento es buena<\/li>\n<li>Excelente resistencia al desgaste<\/li>\n<li>Excelente resistencia al ozono y a la intemperie<\/li>\n<li>Excelente resistencia a grasas y disolventes<\/li>\n<li>Excelente propiedad antiest\u00e1tica<\/li>\n<li>Buena resistencia a las bajas temperaturas<\/li>\n<li>excelente resistencia al fuego<\/li>\n<\/ul>\n<p><strong>Caracter\u00edsticas <\/strong><\/p>\n<table>\n<tbody>\n<tr>\n<td width=\"178\">Nombre del producto<\/td>\n<td width=\"178\">NV2355<\/td>\n<td width=\"178\">NV3355A<\/td>\n<td width=\"178\">NV5090<\/td>\n<\/tr>\n<tr>\n<td width=\"178\">Tipo<\/td>\n<td colspan=\"3\" width=\"535\">NBR+PVC<\/td>\n<\/tr>\n<tr>\n<td width=\"178\">B-AN%<\/td>\n<td width=\"178\">23<\/td>\n<td width=\"178\">33<\/td>\n<td width=\"178\">50<\/td>\n<\/tr>\n<tr>\n<td width=\"178\">ML 1+4@100\u2103<\/td>\n<td width=\"178\">55\u00b110<\/td>\n<td width=\"178\">55\u00b110<\/td>\n<td width=\"178\">90\u00b15<\/td>\n<\/tr>\n<tr>\n<td width=\"178\">Color<\/td>\n<td width=\"178\">Amarillo<\/td>\n<td width=\"178\">Amarillo claro<\/td>\n<td width=\"178\">Blanco<\/td>\n<\/tr>\n<\/tbody>\n<\/table>\n<p>&nbsp;<\/p>\n<p><strong>Rendimiento de vulcanizaci\u00f3n:<\/strong>1<strong>.<\/strong> Se a\u00f1aden azufre, aceleradores de tiuram TMTD y TETD y aceleradores de sulfenamida.<\/p>\n<p>2.El acelerador CZ y el acelerador de tiazol DM se vulcanizaron a 170 \u2103 durante 6 min.<\/p>\n<p><strong>F\u00f3rmula est\u00e1ndar<\/strong><\/p>\n<table>\n<tbody>\n<tr>\n<td rowspan=\"2\" width=\"357\">Nombre de la materia prima<\/td>\n<td width=\"119\">NV2355<\/td>\n<td width=\"119\">NV3355A<\/td>\n<td width=\"119\">NV5090<\/td>\n<\/tr>\n<tr>\n<td colspan=\"3\" width=\"357\">Copia b\u00e1sica, phr<\/td>\n<\/tr>\n<tr>\n<td width=\"357\">Mezcla de caucho y pl\u00e1stico<\/td>\n<td width=\"119\">100<\/td>\n<td width=\"119\">80<\/td>\n<td width=\"119\">100<\/td>\n<\/tr>\n<tr>\n<td width=\"357\">Caucho nitr\u00edlico<\/td>\n<td width=\"119\"><\/td>\n<td width=\"119\">20<\/td>\n<td width=\"119\"><\/td>\n<\/tr>\n<tr>\n<td width=\"357\">Agente de refuerzo de negro de humo, N550<\/td>\n<td width=\"119\">55<\/td>\n<td width=\"119\">55<\/td>\n<td width=\"119\">10<\/td>\n<\/tr>\n<tr>\n<td width=\"357\">Carbonato c\u00e1lcico pesado, 5-QY<\/td>\n<td width=\"119\">\/<\/td>\n<td width=\"119\">10<\/td>\n<td width=\"119\">\/<\/td>\n<\/tr>\n<tr>\n<td width=\"357\">Semireforzamiento de gas natural, N770<\/td>\n<td width=\"119\">\/<\/td>\n<td width=\"119\">\/<\/td>\n<td width=\"119\">55<\/td>\n<\/tr>\n<tr>\n<td width=\"357\">S\u00edlice, 136<\/td>\n<td width=\"119\">5<\/td>\n<td width=\"119\">10<\/td>\n<td width=\"119\">\/<\/td>\n<\/tr>\n<tr>\n<td width=\"357\">Plastificante, DPHP<\/td>\n<td width=\"119\">20<\/td>\n<td width=\"119\">25<\/td>\n<td width=\"119\">\/<\/td>\n<\/tr>\n<tr>\n<td width=\"357\">Plastificante, ATBC<\/td>\n<td width=\"119\">\/<\/td>\n<td width=\"119\">\/<\/td>\n<td width=\"119\">30<\/td>\n<\/tr>\n<tr>\n<td width=\"357\">\u00d3xido de cinc, ZNO<\/td>\n<td width=\"119\">5<\/td>\n<td width=\"119\">5<\/td>\n<td width=\"119\">5<\/td>\n<\/tr>\n<tr>\n<td width=\"357\">\u00c1cido este\u00e1rico, STA<\/td>\n<td width=\"119\">1<\/td>\n<td width=\"119\">1.5<\/td>\n<td width=\"119\">1.5<\/td>\n<\/tr>\n<tr>\n<td width=\"357\">Antioxidante, RD<\/td>\n<td width=\"119\">1<\/td>\n<td width=\"119\">1<\/td>\n<td width=\"119\">1<\/td>\n<\/tr>\n<tr>\n<td width=\"357\">Antioxidante, 4010 NA<\/td>\n<td width=\"119\">1.5<\/td>\n<td width=\"119\">1.5<\/td>\n<td width=\"119\">1<\/td>\n<\/tr>\n<tr>\n<td width=\"357\">Agente protector, parafina<\/td>\n<td width=\"119\">2<\/td>\n<td width=\"119\">1<\/td>\n<td width=\"119\">3<\/td>\n<\/tr>\n<tr>\n<td width=\"357\">Desmoldeante interno, 985P<\/td>\n<td width=\"119\">1<\/td>\n<td width=\"119\">1.5<\/td>\n<td width=\"119\">\/<\/td>\n<\/tr>\n<tr>\n<td width=\"357\">Resina, HM601<\/td>\n<td width=\"119\">2<\/td>\n<td width=\"119\">\/<\/td>\n<td width=\"119\">\/<\/td>\n<\/tr>\n<tr>\n<td width=\"357\">Agente vulcanizante, S-80<\/td>\n<td width=\"119\">0.65<\/td>\n<td width=\"119\">0.62<\/td>\n<td width=\"119\">\/<\/td>\n<\/tr>\n<tr>\n<td width=\"357\">Agente vulcanizante, MC-2<\/td>\n<td width=\"119\">\/<\/td>\n<td width=\"119\">\/<\/td>\n<td width=\"119\">0.5<\/td>\n<\/tr>\n<tr>\n<td width=\"357\">Acelerador, TMTD<\/td>\n<td width=\"119\">1.2<\/td>\n<td width=\"119\">1<\/td>\n<td width=\"119\">0.9<\/td>\n<\/tr>\n<tr>\n<td width=\"357\">Acelerador, DM<\/td>\n<td width=\"119\">0.65<\/td>\n<td width=\"119\">0.5<\/td>\n<td width=\"119\">\/<\/td>\n<\/tr>\n<tr>\n<td width=\"357\">Acelerador, TETD<\/td>\n<td width=\"119\">\/<\/td>\n<td width=\"119\">\/<\/td>\n<td width=\"119\">0.9<\/td>\n<\/tr>\n<tr>\n<td width=\"357\">Acelerador, CZ<\/td>\n<td width=\"119\">1.5<\/td>\n<td width=\"119\">1.2<\/td>\n<td width=\"119\">1.6<\/td>\n<\/tr>\n<\/tbody>\n<\/table>\n<p><strong>Rendimiento del producto: NBR + compuesto de PVC y caucho vulcanizado<\/strong><\/p>\n<table width=\"699\">\n<tbody>\n<tr>\n<td colspan=\"3\" width=\"295\">Nombre del producto<\/td>\n<td width=\"143\">NV2355<\/td>\n<td width=\"143\">NV3355A<\/td>\n<td width=\"118\">NV5090<\/td>\n<\/tr>\n<tr>\n<td width=\"111\">Proyecto<\/td>\n<td width=\"120\">M\u00e9todo de ensayo<\/td>\n<td width=\"64\">Unidad<\/td>\n<td colspan=\"3\" width=\"405\">Valor cl\u00e1sico<\/td>\n<\/tr>\n<tr>\n<td colspan=\"3\" width=\"295\">Viscosidad Mooney (ML 1+4@ 100 \u2103)<\/td>\n<td width=\"143\">42<\/td>\n<td width=\"143\">35<\/td>\n<td width=\"118\">31<\/td>\n<\/tr>\n<tr>\n<td colspan=\"6\" width=\"699\"><strong>Prueba de rendimiento de cambio de azufre: 180 <\/strong><strong>\u2103<\/strong><strong> \u00d7 5min \u00d7 1arc<\/strong><\/td>\n<\/tr>\n<tr>\n<td width=\"111\">Par m\u00ednimo<\/td>\n<td rowspan=\"4\" width=\"120\">ASTM D2048<\/td>\n<td width=\"64\">lb-pulg<\/td>\n<td width=\"143\">0.38<\/td>\n<td width=\"143\">0.25<\/td>\n<td width=\"118\">0.21<\/td>\n<\/tr>\n<tr>\n<td width=\"111\">Par m\u00e1ximo<\/td>\n<td width=\"64\">lb-pulg<\/td>\n<td width=\"143\">4.78<\/td>\n<td width=\"143\">4.77<\/td>\n<td width=\"118\">5.64<\/td>\n<\/tr>\n<tr>\n<td width=\"111\">Tiempo de chamuscado TS2<\/td>\n<td width=\"64\">Seg<\/td>\n<td width=\"143\">77<\/td>\n<td width=\"143\">77<\/td>\n<td width=\"118\">59<\/td>\n<\/tr>\n<tr>\n<td width=\"111\">Tiempo \u00f3ptimo de vulcanizaci\u00f3n TC90<\/td>\n<td width=\"64\">Seg<\/td>\n<td width=\"143\">114<\/td>\n<td width=\"143\">116<\/td>\n<td width=\"118\">111<\/td>\n<\/tr>\n<tr>\n<td colspan=\"6\" width=\"699\"><strong>1. 1. Propiedades mec\u00e1nicas 1.1 175 <\/strong><strong>\u2103<\/strong><strong> \u00d7 5 min despu\u00e9s de la vulcanizaci\u00f3n<\/strong><\/td>\n<\/tr>\n<tr>\n<td width=\"111\">Peso espec\u00edfico<\/td>\n<td width=\"120\">ASTM D297<\/td>\n<td width=\"64\">g\/cm3<\/td>\n<td width=\"143\">1.201<\/td>\n<td width=\"143\">1.249<\/td>\n<td width=\"118\">1.226<\/td>\n<\/tr>\n<tr>\n<td width=\"111\">Dureza (Shore A)<\/td>\n<td width=\"120\">ASTM D2240<\/td>\n<td width=\"64\">Puntos<\/td>\n<td width=\"143\">65<\/td>\n<td width=\"143\">65<\/td>\n<td width=\"118\">55<\/td>\n<\/tr>\n<tr>\n<td width=\"111\">Resistencia al desgarro<\/td>\n<td rowspan=\"3\" width=\"120\">ASTM D412<\/td>\n<td width=\"64\">Kg\/cm2<\/td>\n<td width=\"143\">11.56<\/td>\n<td width=\"143\">12.41<\/td>\n<td width=\"118\">14.84<\/td>\n<\/tr>\n<tr>\n<td width=\"111\">Alargamiento a la rotura<\/td>\n<td width=\"64\">%<\/td>\n<td width=\"143\">441<\/td>\n<td width=\"143\">561<\/td>\n<td width=\"118\">650<\/td>\n<\/tr>\n<tr>\n<td width=\"111\">M100<\/td>\n<td width=\"64\">Kg\/cm2<\/td>\n<td width=\"143\">3.49<\/td>\n<td width=\"143\">2.57<\/td>\n<td width=\"118\">2.35<\/td>\n<\/tr>\n<tr>\n<td colspan=\"6\" width=\"699\"><strong>1. Propiedades mec\u00e1nicas 1.2 cambios en las propiedades tras el envejecimiento a 100 <\/strong><strong>\u2103<\/strong><strong> durante 70 horas<\/strong><\/td>\n<\/tr>\n<tr>\n<td width=\"111\">Dureza (Shore A) Cambio<\/td>\n<td width=\"120\">ASTM D2240<\/td>\n<td width=\"64\">Puntos<\/td>\n<td width=\"143\">+8<\/td>\n<td width=\"143\">+5<\/td>\n<td width=\"118\">+5<\/td>\n<\/tr>\n<tr>\n<td width=\"111\">Modificaci\u00f3n de la resistencia a la rotura<\/td>\n<td width=\"120\">ASTM D412<\/td>\n<td width=\"64\">%<\/td>\n<td width=\"143\">-22.5<\/td>\n<td width=\"143\">-15.4<\/td>\n<td width=\"118\">-12.05<\/td>\n<\/tr>\n<tr>\n<td width=\"111\">Variaci\u00f3n del alargamiento de rotura<\/td>\n<td width=\"120\">ASTM D412<\/td>\n<td width=\"64\">%<\/td>\n<td width=\"143\">-24.5<\/td>\n<td width=\"143\">-20.75<\/td>\n<td width=\"118\">-20.74<\/td>\n<\/tr>\n<tr>\n<td colspan=\"6\" width=\"699\"><strong>2. Resistencia al aceite 2.1 Cambio de rendimiento tras envejecimiento en aceite ASTM 901 a 100 \u00b0 C durante 70 horas.<\/strong><\/td>\n<\/tr>\n<tr>\n<td width=\"111\">Dureza (Shore A) Cambio<\/td>\n<td width=\"120\">ASTM D2240<\/td>\n<td width=\"64\">Puntos<\/td>\n<td width=\"143\">+5<\/td>\n<td width=\"143\">+3<\/td>\n<td width=\"118\">+2<\/td>\n<\/tr>\n<tr>\n<td width=\"111\">Modificaci\u00f3n de la resistencia a la rotura<\/td>\n<td width=\"120\">ASTM D412<\/td>\n<td width=\"64\">%<\/td>\n<td width=\"143\">+5.75<\/td>\n<td width=\"143\">+3.29<\/td>\n<td width=\"118\">+1.07<\/td>\n<\/tr>\n<tr>\n<td width=\"111\">Variaci\u00f3n del alargamiento de rotura<\/td>\n<td width=\"120\">ASTM D412<\/td>\n<td width=\"64\">%<\/td>\n<td width=\"143\">-20.78<\/td>\n<td width=\"143\">-14.79<\/td>\n<td width=\"118\">-9.87<\/td>\n<\/tr>\n<tr>\n<td width=\"111\">Variaci\u00f3n de la tasa de variaci\u00f3n del volumen<\/td>\n<td width=\"120\">ASTM D471<\/td>\n<td width=\"64\">%<\/td>\n<td width=\"143\">-10.24<\/td>\n<td width=\"143\">-4.28<\/td>\n<td width=\"118\">-2.08<\/td>\n<\/tr>\n<tr>\n<td colspan=\"6\" width=\"699\"><strong>2. Resistencia al aceite 2.2 Cambio de rendimiento tras envejecimiento en aceite ASTM 903 a 100 \u00b0C durante 70 horas<\/strong><\/td>\n<\/tr>\n<tr>\n<td width=\"111\">Dureza (Shore A)<\/td>\n<td width=\"120\">ASTM D2240<\/td>\n<td width=\"64\">Puntos<\/td>\n<td width=\"143\">-9<\/td>\n<td width=\"143\">-5<\/td>\n<td width=\"118\">-3<\/td>\n<\/tr>\n<tr>\n<td width=\"111\">Resistencia al desgarro<\/td>\n<td width=\"120\">ASTM D412<\/td>\n<td width=\"64\">%<\/td>\n<td width=\"143\">7.78<\/td>\n<td width=\"143\">10.08<\/td>\n<td width=\"118\">12.89<\/td>\n<\/tr>\n<tr>\n<td width=\"111\">Alargamiento a la rotura<\/td>\n<td width=\"120\">ASTM D412<\/td>\n<td width=\"64\">%<\/td>\n<td width=\"143\">324<\/td>\n<td width=\"143\">478<\/td>\n<td width=\"118\">579<\/td>\n<\/tr>\n<tr>\n<td width=\"111\">Tasa de cambio de volumen<\/td>\n<td width=\"120\">ASTM D471<\/td>\n<td width=\"64\">%<\/td>\n<td width=\"143\">+25.8<\/td>\n<td width=\"143\">+19.54<\/td>\n<td width=\"118\">+14.78<\/td>\n<\/tr>\n<tr>\n<td colspan=\"6\" width=\"699\"><strong>2. Cambio de rendimiento de la resistencia al aceite 2.3 tras envejecimiento en combustible C a 40 <\/strong><strong>\u2103<\/strong><strong> durante 48 horas<\/strong><\/td>\n<\/tr>\n<tr>\n<td width=\"111\">Tasa de cambio de volumen<\/td>\n<td width=\"120\">ASTM D471<\/td>\n<td width=\"64\">%<\/td>\n<td width=\"143\">+38.89<\/td>\n<td width=\"143\">+34.23<\/td>\n<td width=\"118\">+30.69<\/td>\n<\/tr>\n<tr>\n<td colspan=\"6\" width=\"699\"><strong>3. La deformaci\u00f3n permanente por compresi\u00f3n es del 100 <\/strong><strong>\u2103<\/strong><strong> durante 70 horas (la condici\u00f3n de vulcanizaci\u00f3n de la muestra utilizada en el experimento cumple 170 <\/strong><strong>\u2103<\/strong><strong> \u00d7 10 min).<\/strong><\/td>\n<\/tr>\n<tr>\n<td width=\"111\">Tasa de deformaci\u00f3n<\/td>\n<td width=\"120\">ASTM D395<\/td>\n<td width=\"64\">%<\/td>\n<td width=\"143\">39.74<\/td>\n<td width=\"143\">40.79<\/td>\n<td width=\"118\">45.34<\/td>\n<\/tr>\n<tr>\n<td colspan=\"6\" width=\"699\"><strong>4. Resistencia al ozono 80pphm \u00d7 20% alargamiento \u00d7 40 <\/strong><strong>\u2103<\/strong><strong> \u00d7 120 horas<\/strong><\/td>\n<\/tr>\n<tr>\n<td width=\"111\">Si est\u00e1 agrietado<\/td>\n<td width=\"120\">ASTM D1171<\/td>\n<td width=\"64\">\/<\/td>\n<td width=\"143\">No<\/td>\n<td width=\"143\">No<\/td>\n<td width=\"118\">No<\/td>\n<\/tr>\n<tr>\n<td colspan=\"6\" width=\"699\">5. Rendimiento de retracci\u00f3n a baja temperatura<\/td>\n<\/tr>\n<tr>\n<td width=\"111\">\/<\/td>\n<td width=\"120\">GB\/T 7758<\/td>\n<td width=\"64\">\u2103<\/td>\n<td width=\"143\">-48<\/td>\n<td width=\"143\">-42<\/td>\n<td width=\"118\">-43<\/td>\n<\/tr>\n<\/tbody>\n<\/table>\n<p><strong>Embalaje:<\/strong> La mezcla de caucho y pl\u00e1stico NBR + PVC se envasar\u00e1 y transportar\u00e1 en cajas de 25 kg.<\/p>\n<p><strong>Almacenamiento y caducidad<\/strong> <strong>\uff1a<\/strong>NBR + PVC mezclas de caucho y pl\u00e1stico en envases originales sin abrir a una temperatura inferior a 40 \u00b0 C a partir de la fecha de producci\u00f3n indicada en el envase .Mantener durante 18 meses a partir de la fecha de caducidad.<\/p>\n<p>&nbsp;<\/p>\n<p>Para m\u00e1s informaci\u00f3n sobre los productos, visite nuestro sitio web: www.sanezenrubber.com<\/p>\n<table width=\"699\">\n<tbody>\n<tr>\n<td width=\"699\"><strong>Contacto:<\/strong><\/p>\n<p>Direcci\u00f3n de la planta: No.6, Xinqing Road, Xuanzhou North Economic Development Zone, Ciudad de Xuancheng, Provincia de Anhui<\/p>\n<p>Direcci\u00f3n comercial Room 1606-1608, Boda Commercial Buildings, No. 11 Puhuitang Road Xuhui District, Shanghai, China 200030 Tel: +86 21 6487 9251 Fax: +86 21 5106 2693<\/p>\n<p>Correo electr\u00f3nico: yorichen@sanezen.com<\/td>\n<\/tr>\n<tr>\n<td width=\"699\"><strong><u>Advertencia a los usuarios<\/u><\/strong><strong><u>:<\/u><\/strong><\/p>\n<p>La informaci\u00f3n contenida en este documento se facilita de buena fe sobre la base de nuestros conocimientos actuales. Es s\u00f3lo una indicaci\u00f3n y no es en ning\u00fan caso vinculante, especialmente en lo que se refiere a la infracci\u00f3n o perjuicio de derechos de terceros por el uso de nuestros productos. Sanezen garantiza que sus productos se ajustan a sus especificaciones de venta. Esta informaci\u00f3n no debe utilizarse en ning\u00fan caso como sustituto de las pruebas previas necesarias, que son las \u00fanicas que pueden garantizar que un producto es adecuado para un uso determinado. La determinaci\u00f3n de la idoneidad del producto para los usos y aplicaciones contemplados por los usuarios y otros ser\u00e1 responsabilidad exclusiva de los usuarios. Los usuarios son responsables de garantizar el cumplimiento de la legislaci\u00f3n local y de obtener las certificaciones y autorizaciones necesarias. Se ruega a los usuarios que comprueben que disponen de la \u00faltima versi\u00f3n de este documento y Sanezen est\u00e1 a su disposici\u00f3n para facilitar cualquier informaci\u00f3n adicional.<\/td>\n<\/tr>\n<\/tbody>\n<\/table>","protected":false},"excerpt":{"rendered":"<p>La mezcla de caucho y pl\u00e1stico NV es una mezcla de caucho de nitrilo y PVC. El compuesto de caucho se vulcaniza y moldea despu\u00e9s de a\u00f1adir el agente vulcanizante (el agente vulcanizante se selecciona en funci\u00f3n de los requisitos del proceso).<\/p>","protected":false},"featured_media":2498,"template":"","meta":{"_acf_changed":false,"_seopress_robots_primary_cat":"","_seopress_titles_title":"","_seopress_titles_desc":"","_seopress_robots_index":""},"product_brand":[],"product_cat":[76,71,79,180,59,167,93,130,131,155,162,148,75,63,73,69,57,70],"product_tag":[],"class_list":{"0":"post-1318","1":"product","2":"type-product","3":"status-publish","4":"has-post-thumbnail","6":"product_cat-aerospace","7":"product_cat-automotive-industry","8":"product_cat-emerging-fields","9":"product_cat-full-range-of-rubber-compound-aerospace","10":"product_cat-full-range-of-rubber-compound","11":"product_cat-full-range-of-rubber-compund","12":"product_cat-lixinshengxin-rubber","13":"product_cat-lixinshengxin-rubber-lixinshengxin-rubber","14":"product_cat-lixinshengxin-rubber-full-range-of-rubber-compound","15":"product_cat-lixinshengxin-rubber-automotive-industry","16":"product_cat-lixinshengxin-rubber-power-and-energy","17":"product_cat-lixinshengxin-rubber-compound","18":"product_cat-medical-and-health","19":"product_cat-nbrpvc-search-by-product-line","20":"product_cat-power-and-energy","21":"product_cat-search-by-application","22":"product_cat-search-by-product-line","23":"product_cat-tires","25":"first","26":"instock","27":"shipping-taxable","28":"product-type-simple"},"acf":[],"_links":{"self":[{"href":"https:\/\/sanezenrubber.com\/es\/wp-json\/wp\/v2\/product\/1318","targetHints":{"allow":["GET"]}}],"collection":[{"href":"https:\/\/sanezenrubber.com\/es\/wp-json\/wp\/v2\/product"}],"about":[{"href":"https:\/\/sanezenrubber.com\/es\/wp-json\/wp\/v2\/types\/product"}],"wp:featuredmedia":[{"embeddable":true,"href":"https:\/\/sanezenrubber.com\/es\/wp-json\/wp\/v2\/media\/2498"}],"wp:attachment":[{"href":"https:\/\/sanezenrubber.com\/es\/wp-json\/wp\/v2\/media?parent=1318"}],"wp:term":[{"taxonomy":"product_brand","embeddable":true,"href":"https:\/\/sanezenrubber.com\/es\/wp-json\/wp\/v2\/product_brand?post=1318"},{"taxonomy":"product_cat","embeddable":true,"href":"https:\/\/sanezenrubber.com\/es\/wp-json\/wp\/v2\/product_cat?post=1318"},{"taxonomy":"product_tag","embeddable":true,"href":"https:\/\/sanezenrubber.com\/es\/wp-json\/wp\/v2\/product_tag?post=1318"}],"curies":[{"name":"wp","href":"https:\/\/api.w.org\/{rel}","templated":true}]}}