{"id":1325,"date":"2025-05-23T20:31:10","date_gmt":"2025-05-23T12:31:10","guid":{"rendered":"https:\/\/sanezenrubber.com\/?post_type=product&#038;p=1325"},"modified":"2025-07-04T10:41:28","modified_gmt":"2025-07-04T02:41:28","slug":"high-strength-adhesive-greenthinking-bd59j","status":"publish","type":"product","link":"https:\/\/sanezenrubber.com\/es\/product\/high-strength-adhesive-greenthinking-bd59j\/","title":{"rendered":"Adhesivo de refuerzo met\u00e1lico"},"content":{"rendered":"<p><strong>Aplicaci\u00f3n<\/strong><strong>: <\/strong>Apto para caucho natural, caucho sint\u00e9tico y caucho reciclado. Ideal para productos con estructura met\u00e1lica.<\/p>\n<p><strong>Actuaci\u00f3n destacada:<\/strong><\/p>\n<p>El adhesivo BD59J mejora significativamente la resistencia inicial de uni\u00f3n entre compuestos de caucho y materiales de estructura met\u00e1lica\/no met\u00e1lica, as\u00ed como la adhesi\u00f3n tras envejecimiento.<\/p>\n<p>&nbsp;<\/p>\n<p>El BD59J optimiza la eficiencia en la formulaci\u00f3n del caucho para reducir el consumo de energ\u00eda. Previene y resuelve eficazmente defectos como vac\u00edos en los hombros de los neum\u00e1ticos, delaminaci\u00f3n y separaci\u00f3n de capas en bandas transportadoras, correas de caucho y mangueras, mejorando as\u00ed la uniformidad y la calidad general.<\/p>\n<p>&nbsp;<\/p>\n<p>El BD59J reduce significativamente la porosidad en los compuestos de caucho, elimina las peque\u00f1as mol\u00e9culas generadas durante el procesamiento o vulcanizaci\u00f3n, y mejora la compactaci\u00f3n y calidad mediante el llenado de micro-voids con nano-materiales.<\/p>\n<p>&nbsp;<\/p>\n<p>El BD59J no tiene efectos adversos en la seguridad de la producci\u00f3n ni en la vulcanizaci\u00f3n dentro del rango de dosificaci\u00f3n recomendado.<\/p>\n<p><strong>\u00a0<\/strong><\/p>\n<p><strong>Datos f\u00edsicos t\u00edpicos <\/strong>(Los valores t\u00edpicos son s\u00f3lo de referencia y no normas de producto):<\/p>\n<table width=\"708\">\n<tbody>\n<tr>\n<td width=\"198\">Elemento de prueba<\/td>\n<td width=\"189\">M\u00e9todo de ensayo<\/td>\n<td width=\"142\">Normas de ensayo<\/td>\n<td width=\"180\">Resultados de las pruebas<\/td>\n<\/tr>\n<tr>\n<td width=\"198\">P\u00e9rdida por ignici\u00f3n (750\u00b0C)<\/td>\n<td width=\"189\">GB\/T 11409-2008<\/td>\n<td width=\"142\">\u226415%<\/td>\n<td width=\"180\">2.72%<\/td>\n<\/tr>\n<tr>\n<td width=\"198\">P\u00e9rdida por calentamiento (105\u00b0C)<\/td>\n<td width=\"189\">GB\/T 11409-2008<\/td>\n<td width=\"142\">\u22642.0%<\/td>\n<td width=\"180\">0.11%<\/td>\n<\/tr>\n<tr>\n<td width=\"198\">Valor pH (soluci\u00f3n 5%)<\/td>\n<td width=\"189\">GB\/T 15344-2012<\/td>\n<td width=\"142\">7.5-10.5<\/td>\n<td width=\"180\">9.06<\/td>\n<\/tr>\n<\/tbody>\n<\/table>\n<p><strong>Nota: <\/strong>Los par\u00e1metros anteriores son provisionales. Podr\u00e1n realizarse ajustes en funci\u00f3n de los comentarios de los clientes y la estabilizaci\u00f3n del producto.<\/p>\n<p>&nbsp;<\/p>\n<p><strong>Recomendaciones de dosificaci\u00f3n:<\/strong><\/p>\n<p>El BD59J puede a\u00f1adirse junto con otros aditivos menores durante la formulaci\u00f3n. Se recomienda la adici\u00f3n en una sola etapa.<\/p>\n<p><strong>\u00a0<\/strong><\/p>\n<p><strong>Embalaje:<\/strong> 25KG\/bolsa.<\/p>\n<p><strong>\u00a0<\/strong><\/p>\n<p><strong>Almacenamiento: <\/strong>Almacenar en un lugar fresco, seco y bien ventilado en condiciones de estanqueidad.<\/p>\n<p>Para obtener m\u00e1s informaci\u00f3n sobre el producto, visite nuestro sitio web: <a href=\"http:\/\/www.sanezen.com\"><strong>www.sanezenrubber.com<\/strong><\/a><\/p>\n<table width=\"707\">\n<tbody>\n<tr>\n<td width=\"707\"><strong>Contacto:<\/strong><\/p>\n<p>Direcci\u00f3n de la planta: No.6, Xinqing Road, Zona de Desarrollo Econ\u00f3mico Norte, Distrito de Xuanzhou, Ciudad de Xuancheng, Provincia de Anhui, 317300<\/p>\n<p>Direcci\u00f3n comercial Room 1606-1608, Boda Commercial Buildings, No. 11 Puhuitang Road Xuhui District, Shanghai, China 200030 Tel: +86 21 6487 9251 Fax: +86 21 5106 2693 E-mail: yorichen@sanezen.com<\/td>\n<\/tr>\n<\/tbody>\n<\/table>\n<p>&nbsp;<\/p>\n<p>&nbsp;<\/p>\n<table width=\"707\">\n<tbody>\n<tr>\n<td width=\"707\"><strong>Declaraci\u00f3n importante: <\/strong><\/p>\n<p>La informaci\u00f3n contenida en este manual de instrucciones se facilita sobre la base de nuestros conocimientos actuales y nuestro buen cr\u00e9dito. Se trata \u00fanicamente de informaci\u00f3n indicativa y no es vinculante, en particular en lo que se refiere a da\u00f1os y perjuicios a los derechos de terceros durante el uso del producto. Shanghai Powerflex Materials Co., Ltd. garantiza que los productos que vende se ajustan a las especificaciones de venta. S\u00f3lo las pruebas previas necesarias pueden determinar la idoneidad de un producto para un fin determinado, y esta informaci\u00f3n no sustituye a las pruebas previas para determinar la idoneidad de un producto. Es responsabilidad del usuario garantizar el cumplimiento de la legislaci\u00f3n local y obtener los certificados y autorizaciones de uso necesarios. Se ruega al usuario que compruebe que ha obtenido la \u00faltima versi\u00f3n de este documento y Shanghai Powerflex Materials Co., Ltd. est\u00e1 dispuesta a proporcionar informaci\u00f3n adicional al cliente.<\/td>\n<\/tr>\n<\/tbody>\n<\/table>","protected":false},"excerpt":{"rendered":"<p><strong>\u00a0<\/strong>GreenThinking\u00ae BD59J es un polvo gris compuesto de complejos no met\u00e1licos, mol\u00e9culas de hidrocarburos reactivos y otras mezclas.<\/p>","protected":false},"featured_media":2442,"template":"","meta":{"_acf_changed":false,"_seopress_robots_primary_cat":"","_seopress_titles_title":"","_seopress_titles_desc":"","_seopress_robots_index":""},"product_brand":[],"product_cat":[103,132,71,77,72,79,60,97,147,154,159,161,73,69,57,70],"product_tag":[],"class_list":{"0":"post-1325","1":"product","2":"type-product","3":"status-publish","4":"has-post-thumbnail","6":"product_cat-adhesive-agent","7":"product_cat-adhesive-agent-functional-rubber-additives-search-by-product-line","8":"product_cat-automotive-industry","9":"product_cat-construction-and-infrastructure","10":"product_cat-electronics-and-electrical","11":"product_cat-emerging-fields","12":"product_cat-functional-rubber-additives-search-by-product-line","13":"product_cat-functional-rubber-additives","14":"product_cat-functional-rubber-additives-tires","15":"product_cat-functional-rubber-additives-automotive-industry","16":"product_cat-functional-rubber-additives-electronics-and-electrical","17":"product_cat-functional-rubber-additives-power-and-energy","18":"product_cat-power-and-energy","19":"product_cat-search-by-application","20":"product_cat-search-by-product-line","21":"product_cat-tires","23":"first","24":"instock","25":"shipping-taxable","26":"product-type-simple"},"acf":[],"_links":{"self":[{"href":"https:\/\/sanezenrubber.com\/es\/wp-json\/wp\/v2\/product\/1325","targetHints":{"allow":["GET"]}}],"collection":[{"href":"https:\/\/sanezenrubber.com\/es\/wp-json\/wp\/v2\/product"}],"about":[{"href":"https:\/\/sanezenrubber.com\/es\/wp-json\/wp\/v2\/types\/product"}],"wp:featuredmedia":[{"embeddable":true,"href":"https:\/\/sanezenrubber.com\/es\/wp-json\/wp\/v2\/media\/2442"}],"wp:attachment":[{"href":"https:\/\/sanezenrubber.com\/es\/wp-json\/wp\/v2\/media?parent=1325"}],"wp:term":[{"taxonomy":"product_brand","embeddable":true,"href":"https:\/\/sanezenrubber.com\/es\/wp-json\/wp\/v2\/product_brand?post=1325"},{"taxonomy":"product_cat","embeddable":true,"href":"https:\/\/sanezenrubber.com\/es\/wp-json\/wp\/v2\/product_cat?post=1325"},{"taxonomy":"product_tag","embeddable":true,"href":"https:\/\/sanezenrubber.com\/es\/wp-json\/wp\/v2\/product_tag?post=1325"}],"curies":[{"name":"wp","href":"https:\/\/api.w.org\/{rel}","templated":true}]}}