{"id":1330,"date":"2025-05-23T20:34:21","date_gmt":"2025-05-23T12:34:21","guid":{"rendered":"https:\/\/sanezenrubber.com\/?post_type=product&#038;p=1330"},"modified":"2025-07-04T16:33:15","modified_gmt":"2025-07-04T08:33:15","slug":"skeleton-high-strength-adhesive-greenthinking-cb10","status":"publish","type":"product","link":"https:\/\/sanezenrubber.com\/es\/product\/skeleton-high-strength-adhesive-greenthinking-cb10\/","title":{"rendered":"Esqueleto Adhesivo"},"content":{"rendered":"<p><strong>Aplicaci\u00f3n<\/strong><strong>: <\/strong>Neum\u00e1ticos, mangueras, correas de distribuci\u00f3n, correas en V, rodillos, componentes de amortiguaci\u00f3n, soportes del motor y otros escenarios que requieren adhesi\u00f3n de esqueleto y un rendimiento t\u00e9rmico\/mec\u00e1nico mejorado.<\/p>\n<p><strong>Actuaci\u00f3n destacada:<\/strong><\/p>\n<ol>\n<li><strong>Adhesi\u00f3n mejorada<\/strong>: Aumenta la fuerza de extracci\u00f3n del cord\u00f3n de acero en un 35\u201360% en formulaciones tradicionales.<\/li>\n<li><strong>Mejor resistencia al calor<\/strong>: Estabiliza el rendimiento del caucho a temperaturas elevadas.<\/li>\n<li><strong>Refuerzo mec\u00e1nico<\/strong>: Forma enlaces cruzados i\u00f3nicos para aumentar la resistencia a la tracci\u00f3n, la resistencia a desgarros y la dureza.<\/li>\n<li><strong>Resistencia al desgaste<\/strong>: Ideal para aplicaciones de alto desgaste como neum\u00e1ticos y pistas de goma.<\/li>\n<li><strong>Resistencia al aceite<\/strong>: Fundamental para sellos de aceite, mangueras y productos resistentes al aceite.<\/li>\n<\/ol>\n<p><strong>\u00a0<\/strong><\/p>\n<p><strong>Datos f\u00edsicos t\u00edpicos <\/strong>(Los valores t\u00edpicos son s\u00f3lo de referencia y no normas de producto):<\/p>\n<table width=\"699\">\n<tbody>\n<tr>\n<td width=\"255\">Elemento de prueba<\/td>\n<td width=\"180\">Unidad<\/td>\n<td width=\"265\">Resultado de la prueba<\/td>\n<\/tr>\n<tr>\n<td width=\"255\">Apariencia<\/td>\n<td width=\"180\">-<\/td>\n<td width=\"265\">Polvo de color amarillo p\u00e1lido<\/td>\n<\/tr>\n<tr>\n<td width=\"255\">Tama\u00f1o de part\u00edcula\/Residuo (malla 80)<\/td>\n<td width=\"180\">%<\/td>\n<td width=\"265\">0.008<\/td>\n<\/tr>\n<tr>\n<td width=\"255\">P\u00e9rdida por calentamiento (105\u00b0C)<\/td>\n<td width=\"180\">%<\/td>\n<td width=\"265\">0.8<\/td>\n<\/tr>\n<\/tbody>\n<\/table>\n<p><strong>\u00a0<\/strong><\/p>\n<p><strong>Uso:<\/strong><\/p>\n<ul>\n<li>A\u00f1ada CB10 durante la fase inicial de composici\u00f3n para obtener una dispersi\u00f3n uniforme. Compatible con la mayor\u00eda de los sistemas de vulcanizaci\u00f3n por per\u00f3xido.<\/li>\n<li>Adecuado para mezcladoras internas o molinos abiertos.<\/li>\n<\/ul>\n<p><strong>Dosis recomendada:<\/strong><\/p>\n<p>3-5 phr (por 100 partes de caucho).<\/p>\n<p>&nbsp;<\/p>\n<p><strong>Embalaje:<\/strong> 25KG\/bolsa.<\/p>\n<p><strong>\u00a0<\/strong><\/p>\n<p><strong>Almacenamiento: <\/strong>Almacenar en un ambiente seco, fresco (25\u00b0C) y sellado. Vida \u00fatil: aproximadamente 2 a\u00f1os.<\/p>\n<p>&nbsp;<\/p>\n<p>Para obtener m\u00e1s informaci\u00f3n sobre el producto, visite nuestro sitio web: <a href=\"http:\/\/www.sanezen.com\"><strong>www.sanezenrubber.com<\/strong><\/a><\/p>\n<table width=\"707\">\n<tbody>\n<tr>\n<td width=\"707\"><strong>Contacto:<\/strong><\/p>\n<p>Direcci\u00f3n de la planta: No.6, Xinqing Road, Zona de Desarrollo Econ\u00f3mico Norte, Distrito de Xuanzhou, Ciudad de Xuancheng, Provincia de Anhui, 317300<\/p>\n<p>Direcci\u00f3n comercial Room 1606-1608, Boda Commercial Buildings, No. 11 Puhuitang Road Xuhui District, Shanghai, China 200030 Tel: +86 21 6487 9251 Fax: +86 21 5106 2693<br \/>\nCorreo electr\u00f3nico: yorichen@sanezen.com<\/td>\n<\/tr>\n<\/tbody>\n<\/table>\n<p>&nbsp;<\/p>\n<p>&nbsp;<\/p>\n<table width=\"707\">\n<tbody>\n<tr>\n<td width=\"707\"><strong>Declaraci\u00f3n importante: <\/strong><\/p>\n<p>La informaci\u00f3n contenida en este manual de instrucciones se facilita sobre la base de nuestros conocimientos actuales y nuestro buen cr\u00e9dito. Se trata \u00fanicamente de informaci\u00f3n indicativa y no es vinculante, en particular en lo que se refiere a da\u00f1os y perjuicios a los derechos de terceros durante el uso del producto. Shanghai Powerflex Materials Co., Ltd. garantiza que los productos que vende se ajustan a las especificaciones de venta. S\u00f3lo las pruebas previas necesarias pueden determinar la idoneidad de un producto para un fin determinado, y esta informaci\u00f3n no sustituye a las pruebas previas para determinar la idoneidad de un producto. Es responsabilidad del usuario garantizar el cumplimiento de la legislaci\u00f3n local y obtener los certificados y autorizaciones de uso necesarios. Se ruega al usuario que compruebe que ha obtenido la \u00faltima versi\u00f3n de este documento y Shanghai Powerflex Materials Co., Ltd. est\u00e1 dispuesta a proporcionar informaci\u00f3n adicional al cliente.<\/td>\n<\/tr>\n<\/tbody>\n<\/table>","protected":false},"excerpt":{"rendered":"<p>GreenThinking\u00ae CB10 es una nueva resina adhesiva acr\u00edlica reactiva modificada con sales met\u00e1licas dise\u00f1ada para sistemas de vulcanizaci\u00f3n por per\u00f3xido. Mejora la adherencia entre el caucho y los materiales del esqueleto al tiempo que mejora la resistencia al calor, las propiedades mec\u00e1nicas, la resistencia al desgaste y la resistencia al aceite.<\/p>","protected":false},"featured_media":2440,"template":"","meta":{"_acf_changed":false,"_seopress_robots_primary_cat":"","_seopress_titles_title":"","_seopress_titles_desc":"","_seopress_robots_index":""},"product_brand":[],"product_cat":[132,71,72,60,147,154,159,69,57,70],"product_tag":[],"class_list":{"0":"post-1330","1":"product","2":"type-product","3":"status-publish","4":"has-post-thumbnail","6":"product_cat-adhesive-agent-functional-rubber-additives-search-by-product-line","7":"product_cat-automotive-industry","8":"product_cat-electronics-and-electrical","9":"product_cat-functional-rubber-additives-search-by-product-line","10":"product_cat-functional-rubber-additives-tires","11":"product_cat-functional-rubber-additives-automotive-industry","12":"product_cat-functional-rubber-additives-electronics-and-electrical","13":"product_cat-search-by-application","14":"product_cat-search-by-product-line","15":"product_cat-tires","17":"first","18":"instock","19":"shipping-taxable","20":"product-type-simple"},"acf":[],"_links":{"self":[{"href":"https:\/\/sanezenrubber.com\/es\/wp-json\/wp\/v2\/product\/1330","targetHints":{"allow":["GET"]}}],"collection":[{"href":"https:\/\/sanezenrubber.com\/es\/wp-json\/wp\/v2\/product"}],"about":[{"href":"https:\/\/sanezenrubber.com\/es\/wp-json\/wp\/v2\/types\/product"}],"wp:featuredmedia":[{"embeddable":true,"href":"https:\/\/sanezenrubber.com\/es\/wp-json\/wp\/v2\/media\/2440"}],"wp:attachment":[{"href":"https:\/\/sanezenrubber.com\/es\/wp-json\/wp\/v2\/media?parent=1330"}],"wp:term":[{"taxonomy":"product_brand","embeddable":true,"href":"https:\/\/sanezenrubber.com\/es\/wp-json\/wp\/v2\/product_brand?post=1330"},{"taxonomy":"product_cat","embeddable":true,"href":"https:\/\/sanezenrubber.com\/es\/wp-json\/wp\/v2\/product_cat?post=1330"},{"taxonomy":"product_tag","embeddable":true,"href":"https:\/\/sanezenrubber.com\/es\/wp-json\/wp\/v2\/product_tag?post=1330"}],"curies":[{"name":"wp","href":"https:\/\/api.w.org\/{rel}","templated":true}]}}