{"id":1333,"date":"2025-05-23T20:40:13","date_gmt":"2025-05-23T12:40:13","guid":{"rendered":"https:\/\/sanezenrubber.com\/?post_type=product&#038;p=1333"},"modified":"2025-07-04T16:28:32","modified_gmt":"2025-07-04T08:28:32","slug":"rubber-anti-fatigue-agent-greenthinking-af28","status":"publish","type":"product","link":"https:\/\/sanezenrubber.com\/es\/product\/rubber-anti-fatigue-agent-greenthinking-af28\/","title":{"rendered":"Agente antifatiga de caucho"},"content":{"rendered":"<p><strong>Aplicaci\u00f3n<\/strong><strong>: <\/strong>En neum\u00e1ticos, puede reducir eficazmente la resistencia a la rodadura y la generaci\u00f3n de calor, y al mismo tiempo, puede prevenir parcialmente el fen\u00f3meno de regeneraci\u00f3n del caucho curado despu\u00e9s de un uso a alta temperatura o durante mucho tiempo, es decir, la degradaci\u00f3n de la red de reticulaci\u00f3n del caucho curado, lo que conduce a la degradaci\u00f3n de las propiedades f\u00edsicas. El agente anti-fatiga AF28 puede reducir cierta degradaci\u00f3n de los enlaces polisulfuro debido al calor, mejorando as\u00ed la estabilidad t\u00e9rmica del caucho vulcanizado.<\/p>\n<p>El uso del agente anti-fatiga AF28 es esencial para mejorar la calidad, seguridad y vida \u00fatil de los neum\u00e1ticos.<\/p>\n<p><strong>Actuaci\u00f3n destacada:<\/strong><\/p>\n<p><strong>\u00a0<\/strong><\/p>\n<ol>\n<li>Reducir la generaci\u00f3n de calor: modificaci\u00f3n del extremo de la cadena molecular, p\u00e9rdida de retardo del caucho vulcanizado, mejora significativa, reducci\u00f3n de la generaci\u00f3n de calor din\u00e1mica.<\/li>\n<li>Mejora de la elasticidad: mejora significativamente la elasticidad del caucho.<\/li>\n<li>Reducir la resistencia a la rodadura: puede mejorar las propiedades mec\u00e1nicas din\u00e1micas del caucho y reducir la resistencia a la rodadura.<\/li>\n<li>Prevenir que la vulcanizaci\u00f3n vuelva a su estado original: evitar que el caucho vulcanizado vuelva a su estado original despu\u00e9s de un uso a alta temperatura o durante mucho tiempo.<\/li>\n<li>Acelerar la velocidad de vulcanizaci\u00f3n: mejorar la eficiencia de producci\u00f3n.<\/li>\n<\/ol>\n<p>&nbsp;<\/p>\n<p><strong>Recomendaciones de dosificaci\u00f3n:<\/strong><\/p>\n<p>- Adecuado para caucho natural o el tipo principal de caucho, la dosis recomendada es de 1~1,8 phr.<\/p>\n<p>\u2013 Se debe utilizar caucho natural NR como materia prima principal, y agregar el agente anti-fatiga AF28 en una etapa de la mezcla para maximizar su efecto.<\/p>\n<p><strong>\u00a0<\/strong><\/p>\n<p><strong>Embalaje:<\/strong> 25KG\/bolsa.<\/p>\n<p><strong>Almacenamiento:<\/strong> Almacenar en lugar seco, fresco y herm\u00e9ticamente cerrado a unos 25\u00b0C. La vida \u00fatil es de unos 2 a\u00f1os.<\/p>\n<p>&nbsp;<\/p>\n<p>Para obtener m\u00e1s informaci\u00f3n sobre el producto, visite nuestro sitio web: <a href=\"http:\/\/www.sanezen.com\"><strong>www.sanezenrubber.com<\/strong><\/a><\/p>\n<table width=\"707\">\n<tbody>\n<tr>\n<td width=\"707\"><strong>Contacto:<\/strong><\/p>\n<p>Direcci\u00f3n de la planta: No.6, Xinqing Road, Zona de Desarrollo Econ\u00f3mico Norte, Distrito de Xuanzhou, Ciudad de Xuancheng, Provincia de Anhui, 317300<\/p>\n<p>Direcci\u00f3n Comercial: Habitaci\u00f3n 1606-1608, Edificios Comerciales Boda, No. 11 Puhuitang Road, Distrito Xuhui, Shangh\u00e1i, China 200030 Tel: +86 21 6487 9251 Fax: +86 21 5106 2693 Correo electr\u00f3nico: kevenwang@sanezen.com<\/td>\n<\/tr>\n<\/tbody>\n<\/table>\n<p>&nbsp;<\/p>\n<p>&nbsp;<\/p>\n<table width=\"707\">\n<tbody>\n<tr>\n<td width=\"707\"><strong>Declaraci\u00f3n importante: <\/strong><\/p>\n<p>La informaci\u00f3n contenida en este manual de instrucciones se facilita sobre la base de nuestros conocimientos actuales y nuestro buen cr\u00e9dito. Se trata \u00fanicamente de informaci\u00f3n indicativa y no es vinculante, en particular en lo que se refiere a da\u00f1os y perjuicios a los derechos de terceros durante el uso del producto. Shanghai Powerflex Materials Co., Ltd. garantiza que los productos que vende se ajustan a las especificaciones de venta. S\u00f3lo las pruebas previas necesarias pueden determinar la idoneidad de un producto para un fin determinado, y esta informaci\u00f3n no sustituye a las pruebas previas para determinar la idoneidad de un producto. Es responsabilidad del usuario garantizar el cumplimiento de la legislaci\u00f3n local y obtener los certificados y autorizaciones de uso necesarios. Se ruega al usuario que compruebe que ha obtenido la \u00faltima versi\u00f3n de este documento y Shanghai Powerflex Materials Co., Ltd. est\u00e1 dispuesta a proporcionar informaci\u00f3n adicional al cliente.<\/td>\n<\/tr>\n<\/tbody>\n<\/table>","protected":false},"excerpt":{"rendered":"<p>GreenThinking\u00ae AF28 agente antifatiga, mejorar eficazmente la dispersi\u00f3n de negro de carb\u00f3n, y su superficie de los grupos altamente activos pueden reaccionar con los grupos correspondientes en el extremo de la cadena molecular de caucho natural, reduciendo as\u00ed significativamente la generaci\u00f3n de calor din\u00e1mico del sistema de negro de carb\u00f3n de caucho natural, puede mejorar las propiedades mec\u00e1nicas din\u00e1micas del compuesto y reducir la resistencia a la rodadura, puede mejorar el rendimiento de envejecimiento por calor de los neum\u00e1ticos y reducir la generaci\u00f3n de calor por compresi\u00f3n, para prolongar la vida \u00fatil, la cantidad adecuada de agente antifatiga AF28 puede mejorar la dureza, elasticidad, tensi\u00f3n de tracci\u00f3n constante sin cambiar significativamente la resistencia a la tracci\u00f3n. Puede mejorar la resistencia al envejecimiento por calor de los neum\u00e1ticos, reducir la generaci\u00f3n de calor por compresi\u00f3n y prolongar la vida \u00fatil. La adici\u00f3n del agente antifatiga AF28 en la cantidad adecuada puede mejorar la dureza, la elasticidad y la tensi\u00f3n de tracci\u00f3n constante del caucho sin cambiar significativamente la resistencia a la tracci\u00f3n.<\/p>","protected":false},"featured_media":2444,"template":"","meta":{"_acf_changed":false,"_seopress_robots_primary_cat":"","_seopress_titles_title":"","_seopress_titles_desc":"","_seopress_robots_index":""},"product_brand":[],"product_cat":[76,134,71,77,79,60,97,147,154,161,181,73,69,57,70],"product_tag":[],"class_list":{"0":"post-1333","1":"product","2":"type-product","3":"status-publish","4":"has-post-thumbnail","6":"product_cat-aerospace","7":"product_cat-anti-fatigue-agent-for-tire-industry","8":"product_cat-automotive-industry","9":"product_cat-construction-and-infrastructure","10":"product_cat-emerging-fields","11":"product_cat-functional-rubber-additives-search-by-product-line","12":"product_cat-functional-rubber-additives","13":"product_cat-functional-rubber-additives-tires","14":"product_cat-functional-rubber-additives-automotive-industry","15":"product_cat-functional-rubber-additives-power-and-energy","16":"product_cat-functional-rubber-additives-aerospace","17":"product_cat-power-and-energy","18":"product_cat-search-by-application","19":"product_cat-search-by-product-line","20":"product_cat-tires","22":"first","23":"instock","24":"shipping-taxable","25":"product-type-simple"},"acf":[],"_links":{"self":[{"href":"https:\/\/sanezenrubber.com\/es\/wp-json\/wp\/v2\/product\/1333","targetHints":{"allow":["GET"]}}],"collection":[{"href":"https:\/\/sanezenrubber.com\/es\/wp-json\/wp\/v2\/product"}],"about":[{"href":"https:\/\/sanezenrubber.com\/es\/wp-json\/wp\/v2\/types\/product"}],"wp:featuredmedia":[{"embeddable":true,"href":"https:\/\/sanezenrubber.com\/es\/wp-json\/wp\/v2\/media\/2444"}],"wp:attachment":[{"href":"https:\/\/sanezenrubber.com\/es\/wp-json\/wp\/v2\/media?parent=1333"}],"wp:term":[{"taxonomy":"product_brand","embeddable":true,"href":"https:\/\/sanezenrubber.com\/es\/wp-json\/wp\/v2\/product_brand?post=1333"},{"taxonomy":"product_cat","embeddable":true,"href":"https:\/\/sanezenrubber.com\/es\/wp-json\/wp\/v2\/product_cat?post=1333"},{"taxonomy":"product_tag","embeddable":true,"href":"https:\/\/sanezenrubber.com\/es\/wp-json\/wp\/v2\/product_tag?post=1333"}],"curies":[{"name":"wp","href":"https:\/\/api.w.org\/{rel}","templated":true}]}}