{"id":1459,"date":"2025-05-24T08:25:16","date_gmt":"2025-05-24T00:25:16","guid":{"rendered":"https:\/\/sanezenrubber.com\/?post_type=product&#038;p=1459"},"modified":"2025-07-04T16:19:19","modified_gmt":"2025-07-04T08:19:19","slug":"bio-based-filler-enhancer-greenthinking-eg22","status":"publish","type":"product","link":"https:\/\/sanezenrubber.com\/es\/product\/bio-based-filler-enhancer-greenthinking-eg22\/","title":{"rendered":"Potenciador de relleno de base biol\u00f3gica"},"content":{"rendered":"<p><strong>Aplicaci\u00f3n<\/strong><strong>: <\/strong>En aplicaciones de neum\u00e1ticos para reducir la resistencia a la rodadura y mejorar la adherencia en mojado, en productos de caucho para mejorar la dispersi\u00f3n y el flujo de los rellenos, etc.; EG22 es un producto de origen completamente biol\u00f3gico, especialmente adecuado para aplicaciones que cumplen con los requisitos ESG y de reducci\u00f3n de carbono.<\/p>\n<p><strong>Actuaci\u00f3n destacada:<\/strong><\/p>\n<p><strong>\u00a0<\/strong><\/p>\n<ol>\n<li>Rendimiento de dispersi\u00f3n y mezcla de rellenos:<\/li>\n<\/ol>\n<p>\u2013 Promueve la mezcla y dispersi\u00f3n r\u00e1pida de los rellenos, acortando eficazmente el ciclo de mezcla.<\/p>\n<p>\u2013 Reduce la viscosidad Menni del caucho, mejora la fluidez del caucho y el rendimiento en procesos posteriores.<\/p>\n<ol start=\"2\">\n<li>Efecto de procesamiento de relleno (s\u00edlice, etc.):<\/li>\n<\/ol>\n<p>\u2013 Reduce la agregaci\u00f3n de part\u00edculas de relleno (s\u00edlice, etc.), reduce eficazmente el efecto Payne y mantiene la estabilidad de la viscosidad Mooney del caucho.<\/p>\n<ol start=\"3\">\n<li>Mejora de propiedades f\u00edsicas:<\/li>\n<\/ol>\n<p>\u2013 Mejora el rendimiento de desgarro del caucho, sin afectar negativamente otras propiedades f\u00edsicas ni la abrasi\u00f3n.<\/p>\n<p>\u2013 La generaci\u00f3n de calor por compresi\u00f3n se minimiza, lo que ayuda a prolongar la vida \u00fatil de los neum\u00e1ticos.<\/p>\n<ol start=\"4\">\n<li>Optimizaci\u00f3n del rendimiento din\u00e1mico<\/li>\n<\/ol>\n<p>\u2013 Mejora la dispersi\u00f3n de los rellenos, lo que ayuda a mejorar la resistencia a la rodadura y el rendimiento en mojado del caucho.<\/p>\n<p><strong>\u00a0<\/strong><\/p>\n<p><strong>Recomendaciones de dosificaci\u00f3n:<\/strong><\/p>\n<p>\u2013 M\u00e9todo de adici\u00f3n: EG22 generalmente se a\u00f1ade en un solo paso.<\/p>\n<p>\u2013 Dosis recomendada: 4-8 Phr, la dosis espec\u00edfica puede ajustarse seg\u00fan el proceso real y los requisitos de rendimiento.<\/p>\n<p><strong>\u00a0<\/strong><\/p>\n<p><strong>Embalaje:<\/strong> 25KG\/bolsa.<\/p>\n<p><strong>\u00a0<\/strong><\/p>\n<p><strong>Almacenamiento:<\/strong> Almacenar en lugar seco, fresco y herm\u00e9ticamente cerrado a unos 25\u00b0C. La vida \u00fatil es de unos 2 a\u00f1os.<\/p>\n<p>&nbsp;<\/p>\n<p>&nbsp;<\/p>\n<p>&nbsp;<\/p>\n<p>&nbsp;<\/p>\n<p>Para obtener m\u00e1s informaci\u00f3n sobre el producto, visite nuestro sitio web: <a href=\"http:\/\/www.sanezen.com\"><strong>www.sanezenrubber.com<\/strong><\/a><\/p>\n<table width=\"707\">\n<tbody>\n<tr>\n<td width=\"707\"><strong>Contacto:<\/strong><\/p>\n<p>Direcci\u00f3n de la planta: No.6, Xinqing Road, Zona de Desarrollo Econ\u00f3mico Norte, Distrito de Xuanzhou, Ciudad de Xuancheng, Provincia de Anhui, 317300<\/p>\n<p>Direcci\u00f3n comercial Room 1606-1608, Boda Commercial Buildings, No. 11 Puhuitang Road Xuhui District, Shanghai, China 200030 Tel: +86 21 6487 9251 Fax: +86 21 5106 2693<br \/>\nCorreo electr\u00f3nico: yorichen@sanezen.com<\/td>\n<\/tr>\n<\/tbody>\n<\/table>\n<p>&nbsp;<\/p>\n<p>&nbsp;<\/p>\n<table width=\"707\">\n<tbody>\n<tr>\n<td width=\"707\"><strong>Declaraci\u00f3n importante: <\/strong><\/p>\n<p>La informaci\u00f3n contenida en este manual de instrucciones se facilita sobre la base de nuestros conocimientos actuales y nuestro buen cr\u00e9dito. Se trata \u00fanicamente de informaci\u00f3n indicativa y no es vinculante, en particular en lo que se refiere a da\u00f1os y perjuicios a los derechos de terceros durante el uso del producto. Shanghai Powerflex Materials Co., Ltd. garantiza que los productos que vende se ajustan a las especificaciones de venta. S\u00f3lo las pruebas previas necesarias pueden determinar la idoneidad de un producto para un fin determinado, y esta informaci\u00f3n no sustituye a las pruebas previas para determinar la idoneidad de un producto. Es responsabilidad del usuario garantizar el cumplimiento de la legislaci\u00f3n local y obtener los certificados y autorizaciones de uso necesarios. Se ruega al usuario que compruebe que ha obtenido la \u00faltima versi\u00f3n de este documento y Shanghai Powerflex Materials Co., Ltd. est\u00e1 dispuesta a proporcionar informaci\u00f3n adicional al cliente.<\/td>\n<\/tr>\n<\/tbody>\n<\/table>","protected":false},"excerpt":{"rendered":"<p>GreenThinking\u00ae EG22 es un potenciador de relleno biobasado puro dise\u00f1ado para promover la silanizaci\u00f3n en compuestos con alto contenido de relleno. Es especialmente adecuado para su uso en compuestos que contienen cargas de alta superficie (s\u00edlice, etc.) para aumentar el grado de silanizaci\u00f3n de la carga (s\u00edlice, etc.); la estructura qu\u00edmica \u00fanica proporciona una mejor compatibilidad y dispersabilidad en compuestos, lo que resulta en una estructura de red m\u00e1s eficaz en la matriz de caucho. Estructura de red m\u00e1s eficaz, que ayuda a mejorar el rendimiento general del material, como neum\u00e1ticos: resistencia a la rodadura y rendimiento de agarre en mojado, etc., productos de caucho.<\/p>","protected":false},"featured_media":2446,"template":"","meta":{"_acf_changed":false,"_seopress_robots_primary_cat":"","_seopress_titles_title":"","_seopress_titles_desc":"","_seopress_robots_index":""},"product_brand":[],"product_cat":[135,74,72,79,60,97,147,159,161,166,73,69,57,70],"product_tag":[],"class_list":{"0":"post-1459","1":"product","2":"type-product","3":"status-publish","4":"has-post-thumbnail","6":"product_cat-bio-based-filler-enhancer","7":"product_cat-consumer-goods","8":"product_cat-electronics-and-electrical","9":"product_cat-emerging-fields","10":"product_cat-functional-rubber-additives-search-by-product-line","11":"product_cat-functional-rubber-additives","12":"product_cat-functional-rubber-additives-tires","13":"product_cat-functional-rubber-additives-electronics-and-electrical","14":"product_cat-functional-rubber-additives-power-and-energy","15":"product_cat-functional-rubber-additives-consumer-goods","16":"product_cat-power-and-energy","17":"product_cat-search-by-application","18":"product_cat-search-by-product-line","19":"product_cat-tires","21":"first","22":"instock","23":"shipping-taxable","24":"product-type-simple"},"acf":[],"_links":{"self":[{"href":"https:\/\/sanezenrubber.com\/es\/wp-json\/wp\/v2\/product\/1459","targetHints":{"allow":["GET"]}}],"collection":[{"href":"https:\/\/sanezenrubber.com\/es\/wp-json\/wp\/v2\/product"}],"about":[{"href":"https:\/\/sanezenrubber.com\/es\/wp-json\/wp\/v2\/types\/product"}],"wp:featuredmedia":[{"embeddable":true,"href":"https:\/\/sanezenrubber.com\/es\/wp-json\/wp\/v2\/media\/2446"}],"wp:attachment":[{"href":"https:\/\/sanezenrubber.com\/es\/wp-json\/wp\/v2\/media?parent=1459"}],"wp:term":[{"taxonomy":"product_brand","embeddable":true,"href":"https:\/\/sanezenrubber.com\/es\/wp-json\/wp\/v2\/product_brand?post=1459"},{"taxonomy":"product_cat","embeddable":true,"href":"https:\/\/sanezenrubber.com\/es\/wp-json\/wp\/v2\/product_cat?post=1459"},{"taxonomy":"product_tag","embeddable":true,"href":"https:\/\/sanezenrubber.com\/es\/wp-json\/wp\/v2\/product_tag?post=1459"}],"curies":[{"name":"wp","href":"https:\/\/api.w.org\/{rel}","templated":true}]}}