{"id":1498,"date":"2025-05-24T08:53:09","date_gmt":"2025-05-24T00:53:09","guid":{"rendered":"https:\/\/sanezenrubber.com\/?post_type=product&#038;p=1498"},"modified":"2025-07-04T16:11:52","modified_gmt":"2025-07-04T08:11:52","slug":"sanesil-liquid-silicone-rubber-6100-a-b","status":"publish","type":"product","link":"https:\/\/sanezenrubber.com\/es\/product\/sanesil-liquid-silicone-rubber-6100-a-b\/","title":{"rendered":"Goma de silicona l\u00edquida"},"content":{"rendered":"<p><strong>Propiedades especiales:<\/strong><\/p>\n<ul>\n<li>Excelente liberaci\u00f3n de molde y f\u00e1cil pigmentaci\u00f3n, sensaci\u00f3n suave similar a la piel al moldear<\/li>\n<li>Claridad superior, valor de deformaci\u00f3n peque\u00f1o<\/li>\n<li>Alta transparencia, alta resistencia, buena elasticidad, resistencia al amarilleamiento, resistencia al envejecimiento<\/li>\n<li>Cumple las normas de la US FDA CFR 21 Parte 177.2600<\/li>\n<li>Se ajusta a las Normas de Prueba de Compuestos Vol\u00e1tiles de la secci\u00f3n 4.9 de la norma EN14350-2 europea<\/li>\n<li>Cumple con las Normas europeas ROHS y REACH<\/li>\n<li>La vida \u00fatil de la mezcla de los dos componentes (recipiente cerrado) a 20\u00b0C es de 5 d\u00edas.<\/li>\n<li>Las temperaturas elevadas reducen la vida \u00fatil<\/li>\n<\/ul>\n<p>&nbsp;<\/p>\n<p><strong>Principales aplicaciones:<\/strong><\/p>\n<ul>\n<li>Partes para cuidado del beb\u00e9: chupetes, biberones, tapas de biber\u00f3n, vajilla infantil, juguetes para beb\u00e9s, etc.<\/li>\n<li>Mascarilla respiratoria<\/li>\n<li>Aplicaciones de automoci\u00f3n: v\u00e1lvulas, juntas, retenes<\/li>\n<li>Piezas en contacto con la piel, como las pezoneras<\/li>\n<li>Globos<\/li>\n<\/ul>\n<p><strong><b>Propiedades mec\u00e1nicas<\/b><\/strong><\/p>\n<table>\n<tbody>\n<tr>\n<td width=\"80\">Grado<\/td>\n<td width=\"91\">Apariencia A\/B<\/td>\n<td width=\"69\">Densidad (g\/ cm3)<\/td>\n<td width=\"77\">Dureza (Shore A)<\/td>\n<td width=\"94\">Resistencia a la tracci\u00f3n (MPa)<\/td>\n<td width=\"82\">Alargamiento a la rotura (%)<\/td>\n<td width=\"70\">Deformaci\u00f3n por tracci\u00f3n<br \/>\n\uff08%\uff09<\/td>\n<td width=\"94\">Resistencia al desgarro (N\/mm)<\/td>\n<td width=\"84\">Encogimiento de l\u00ednea<\/p>\n<p>(%)<\/td>\n<td width=\"126\">Rebote (%)<\/td>\n<\/tr>\n<tr>\n<td rowspan=\"2\" width=\"80\">M\u00e9todo de ensayo<\/td>\n<td rowspan=\"2\" width=\"91\"><\/td>\n<td rowspan=\"2\" width=\"69\">ISO 2771<\/td>\n<td rowspan=\"2\" width=\"77\">ASTM D 2240<\/td>\n<td rowspan=\"2\" width=\"94\">ASTM D 412 Matriz C<\/td>\n<td rowspan=\"2\" width=\"82\">ASTM D 412 Matriz C<\/td>\n<td rowspan=\"2\" width=\"70\">ASTM D 412 Matriz C<\/td>\n<td rowspan=\"2\" width=\"94\">ASTM D 624<br \/>\nMuere B<\/td>\n<td rowspan=\"2\" width=\"84\">ASTM D<\/p>\n<p>D4029<\/td>\n<td rowspan=\"2\" width=\"126\">ASTM D 7121<\/td>\n<\/tr>\n<tr>\n<td width=\"19\"><\/td>\n<\/tr>\n<tr>\n<td rowspan=\"2\" width=\"80\">LSR 6110<\/td>\n<td rowspan=\"2\" width=\"91\">Transparente<\/td>\n<td rowspan=\"2\" width=\"69\">1.07<\/td>\n<td rowspan=\"2\" width=\"77\">10<\/td>\n<td rowspan=\"2\" width=\"94\">1.5<\/td>\n<td rowspan=\"2\" width=\"82\">755<\/td>\n<td rowspan=\"2\" width=\"70\">4.3<\/td>\n<td rowspan=\"2\" width=\"94\">5.1<\/td>\n<td rowspan=\"2\" width=\"84\">2.5<\/td>\n<td rowspan=\"2\" width=\"126\">21<\/td>\n<td width=\"19\"><\/td>\n<\/tr>\n<tr>\n<td width=\"19\"><\/td>\n<\/tr>\n<tr>\n<td rowspan=\"2\" width=\"80\">LSR 6115<\/td>\n<td rowspan=\"2\" width=\"91\">Transparente<\/td>\n<td rowspan=\"2\" width=\"69\">1.08<\/td>\n<td rowspan=\"2\" width=\"77\">15<\/td>\n<td rowspan=\"2\" width=\"94\">3.5<\/td>\n<td rowspan=\"2\" width=\"82\">845<\/td>\n<td rowspan=\"2\" width=\"70\">3.4<\/td>\n<td rowspan=\"2\" width=\"94\">9.2<\/td>\n<td rowspan=\"2\" width=\"84\">2.6<\/td>\n<td rowspan=\"2\" width=\"126\">45<\/td>\n<td width=\"19\"><\/td>\n<\/tr>\n<tr>\n<td width=\"19\"><\/td>\n<\/tr>\n<tr>\n<td rowspan=\"2\" width=\"80\">LSR 6118<\/td>\n<td rowspan=\"2\" width=\"91\">Transparente<\/td>\n<td rowspan=\"2\" width=\"69\">1.08<\/td>\n<td rowspan=\"2\" width=\"77\">17<\/td>\n<td rowspan=\"2\" width=\"94\">5.1<\/td>\n<td rowspan=\"2\" width=\"82\">800<\/td>\n<td rowspan=\"2\" width=\"70\">3.5<\/td>\n<td rowspan=\"2\" width=\"94\">12<\/td>\n<td rowspan=\"2\" width=\"84\">2.5<\/td>\n<td rowspan=\"2\" width=\"126\">50<\/td>\n<td width=\"19\"><\/td>\n<\/tr>\n<tr>\n<td width=\"19\"><\/td>\n<\/tr>\n<tr>\n<td rowspan=\"2\" width=\"80\">LSR 6120<\/td>\n<td rowspan=\"2\" width=\"91\">Transparente<\/td>\n<td rowspan=\"2\" width=\"69\">1.09<\/td>\n<td rowspan=\"2\" width=\"77\">20<\/td>\n<td rowspan=\"2\" width=\"94\">6.4<\/td>\n<td rowspan=\"2\" width=\"82\">810<\/td>\n<td rowspan=\"2\" width=\"70\">2.6<\/td>\n<td rowspan=\"2\" width=\"94\">16<\/td>\n<td rowspan=\"2\" width=\"84\">2.5<\/td>\n<td rowspan=\"2\" width=\"126\">48<\/td>\n<td width=\"19\"><\/td>\n<\/tr>\n<tr>\n<td width=\"19\"><\/td>\n<\/tr>\n<tr>\n<td rowspan=\"2\" width=\"80\">LSR 6130<\/td>\n<td rowspan=\"2\" width=\"91\">Transparente<\/td>\n<td rowspan=\"2\" width=\"69\">1.10<\/td>\n<td rowspan=\"2\" width=\"77\">30<\/td>\n<td rowspan=\"2\" width=\"94\">7.0<\/td>\n<td rowspan=\"2\" width=\"82\">700<\/td>\n<td rowspan=\"2\" width=\"70\">2.6<\/td>\n<td rowspan=\"2\" width=\"94\">15<\/td>\n<td rowspan=\"2\" width=\"84\">2.4<\/td>\n<td rowspan=\"2\" width=\"126\">55<\/td>\n<td width=\"19\"><\/td>\n<\/tr>\n<tr>\n<td width=\"19\"><\/td>\n<\/tr>\n<tr>\n<td width=\"80\">LSR 6140<\/td>\n<td width=\"91\">Transparente<\/td>\n<td width=\"69\">1.11<\/td>\n<td width=\"77\">41<\/td>\n<td width=\"94\">7.5<\/td>\n<td width=\"82\">560<\/td>\n<td width=\"70\">2.7<\/td>\n<td width=\"94\">25<\/td>\n<td width=\"84\">2.5<\/td>\n<td width=\"126\">56<\/td>\n<td width=\"19\"><\/td>\n<\/tr>\n<tr>\n<td rowspan=\"2\" width=\"80\">LSR 6150<\/td>\n<td rowspan=\"2\" width=\"91\">Transparente<\/td>\n<td rowspan=\"2\" width=\"69\">1.12<\/td>\n<td rowspan=\"2\" width=\"77\">50<\/td>\n<td rowspan=\"2\" width=\"94\">9.1<\/td>\n<td rowspan=\"2\" width=\"82\">550<\/td>\n<td rowspan=\"2\" width=\"70\">1.7<\/td>\n<td rowspan=\"2\" width=\"94\">31<\/td>\n<td rowspan=\"2\" width=\"84\">2.6<\/td>\n<td rowspan=\"2\" width=\"126\">64<\/td>\n<td width=\"19\"><\/td>\n<\/tr>\n<tr>\n<td width=\"19\"><\/td>\n<\/tr>\n<tr>\n<td width=\"80\">LSR 6160<\/td>\n<td width=\"91\">Transparente<\/td>\n<td width=\"69\">1,12<\/td>\n<td width=\"77\">59<\/td>\n<td width=\"94\">9.4<\/td>\n<td width=\"82\">510<\/td>\n<td width=\"70\">1.6<\/td>\n<td width=\"94\">35<\/td>\n<td width=\"84\">2.6<\/td>\n<td width=\"126\">62<\/td>\n<td width=\"19\"><\/td>\n<\/tr>\n<tr>\n<td width=\"80\">LSR 6170<\/td>\n<td width=\"91\">Transparente<\/td>\n<td width=\"69\">1.13<\/td>\n<td width=\"77\">66<\/td>\n<td width=\"94\">9.5<\/td>\n<td width=\"82\">410<\/td>\n<td width=\"70\">0.8<\/td>\n<td width=\"94\">30<\/td>\n<td width=\"84\">2.6<\/td>\n<td width=\"126\">56<\/td>\n<td width=\"19\"><\/td>\n<\/tr>\n<tr>\n<td width=\"80\">LSR 6171<\/td>\n<td width=\"91\">Transparente<\/td>\n<td width=\"69\">1.13<\/td>\n<td width=\"77\">71<\/td>\n<td width=\"94\">9.0<\/td>\n<td width=\"82\">355<\/td>\n<td width=\"70\">0.8<\/td>\n<td width=\"94\">26<\/td>\n<td width=\"84\">2.5<\/td>\n<td width=\"126\">55<\/td>\n<td width=\"19\"><\/td>\n<\/tr>\n<\/tbody>\n<\/table>\n<p>&nbsp;<\/p>\n<p>Tama\u00f1o de las losas de prueba 160mm*160mm*2mm a 177\u2103 curadas durante 5 minutos con molde caliente. Losas de compresi\u00f3n a 177\u2103 curadas durante 10 minutos con molde fr\u00edo. Condici\u00f3n de la prueba del sistema de compresi\u00f3n: 177\u2103*22hours, 25%.<\/p>\n<p><strong><em><u>Tenga en cuenta lo siguiente: <\/u><\/em><\/strong><strong><em>Las propiedades t\u00edpicas no est\u00e1n destinadas a la preparaci\u00f3n de especificaciones para aplicaciones concretas. P\u00f3ngase en contacto con nuestro Departamento de Servicio T\u00e9cnico para obtener datos m\u00e1s detallados.<\/em><\/strong><\/p>\n<p><strong>I<\/strong><strong>nstrucci\u00f3n de uso<\/strong><strong>\uff1a<\/strong>El curado depende de la temperatura de moldeo y del tama\u00f1o de la pieza. Los componentes de las piezas A y B del mismo lote de <strong>Sanesil<\/strong><strong>\u00a0LSR<\/strong><strong>6<\/strong><strong>100A\/B <\/strong>est\u00e1n dise\u00f1ados para mezclarse a partes iguales utilizando equipos y t\u00e9cnicas est\u00e1ndar de procesamiento de moldeo por inyecci\u00f3n de l\u00edquidos con una temperatura de mezcla inferior a 35\u00b0C. Para las operaciones de producci\u00f3n se recomiendan equipos de mezcla, dosificaci\u00f3n y dispensaci\u00f3n sin aire. Una medici\u00f3n precisa y una mezcla completa son factores esenciales para obtener resultados consistentes.<\/p>\n<p><strong>Limpieza <\/strong><strong>\uff1a<\/strong>Se debe tener especial cuidado para asegurar moldes limpios y un \u00e1rea de trabajo limpia sin cauchos org\u00e1nicos utilizados en el mismo equipo de procesamiento. Los restos de materiales extra\u00f1os pueden envenenar el catalizador e inhibir el curado. Todo el equipo de dosificaci\u00f3n y mezcla debe limpiarse a fondo. Los sistemas de pol\u00edmeros que contengan trazas de aminas, azufre, \u00f3xido de nitr\u00f3geno, compuestos organoest\u00e1nnicos y mon\u00f3xido de carbono pueden interferir con el curado de este producto y deben evitarse.<\/p>\n<p><strong>\u00a0<\/strong><\/p>\n<p><strong>Embalaje\uff1a<\/strong><strong>Sanesil<\/strong><strong>\u00a0LSR6100A\/B<\/strong><strong>\u00a0<\/strong>\u00a0est\u00e1 disponible en cubos de 20 kg o en bidones de 200 kg.<\/p>\n<p>&nbsp;<\/p>\n<p><strong>Almacenamiento y caducidad:<\/strong><\/p>\n<p>Esta serie puede almacenarse en el envase original, sin abrir, a una temperatura entre 0\u00b0C y 30\u00b0C, puede almacenarse durante 12 meses a partir de la fecha de fabricaci\u00f3n. M\u00e1s all\u00e1 de esta fecha, ya no garantizamos que el producto cumpla las especificaciones de venta.<\/p>\n<p>&nbsp;<\/p>\n<p>Para obtener m\u00e1s informaci\u00f3n sobre el producto, visite nuestro sitio web: <a href=\"http:\/\/www.sanezen.com\"><strong><u>www.sanezenrubber.com<\/u><\/strong><\/a><\/p>\n<table>\n<tbody>\n<tr>\n<td width=\"883\"><strong>Contacto:<\/strong><\/p>\n<p>Direcci\u00f3n de la planta: Baishou Road, Distrito Norte de la Zona de Desarrollo Econ\u00f3mico de Xuan Zhou, Ciudad de Xuan Cheng Provincia de Anhui, China.<\/p>\n<p>Direcci\u00f3n comercial Room 1606-1608, Boda Commercial Buildings, No. 11 Puhuitang Road Xuhui District, Shanghai, China 200030 Tel: +86 21 6487 9251 Fax: +86 21 5106 2693<\/p>\n<p>Correo electr\u00f3nico: yorichen@sanezen.com<\/td>\n<\/tr>\n<tr>\n<td width=\"883\"><strong><u>Advertencia a los usuarios<\/u><\/strong><strong><u>:<\/u><\/strong><strong><u>\u00a0<\/u><\/strong><\/p>\n<p>La informaci\u00f3n contenida en este documento se facilita de buena fe sobre la base de nuestros conocimientos actuales. Es s\u00f3lo una indicaci\u00f3n y no es en ning\u00fan caso vinculante, especialmente en lo que se refiere a la infracci\u00f3n o perjuicio de derechos de terceros por el uso de nuestros productos. Sanezen garantiza que sus productos se ajustan a sus especificaciones de venta. Esta informaci\u00f3n no debe utilizarse en ning\u00fan caso como sustituto de las pruebas previas necesarias, que son las \u00fanicas que pueden garantizar que un producto es adecuado para un uso determinado. La determinaci\u00f3n de la idoneidad del producto para los usos y aplicaciones contemplados por los usuarios y otros ser\u00e1 responsabilidad exclusiva de los usuarios. Los usuarios son responsables de garantizar el cumplimiento de la legislaci\u00f3n local y de obtener las certificaciones y autorizaciones necesarias. Se ruega a los usuarios que comprueben que disponen de la \u00faltima versi\u00f3n de este documento y Sanezen est\u00e1 a su disposici\u00f3n para facilitar cualquier informaci\u00f3n adicional.<\/td>\n<\/tr>\n<\/tbody>\n<\/table>","protected":false},"excerpt":{"rendered":"<p>Sanesil LSR6100 A\/B es un caucho de silicona l\u00edquida bicomponente de uso general dise\u00f1ado para producir piezas de alta claridad y alta resistencia al desgarro mediante el proceso de inyecci\u00f3n despu\u00e9s de la mezcla A\/B con una proporci\u00f3n de 1\/1.<\/p>","protected":false},"featured_media":2480,"template":"","meta":{"_acf_changed":false,"_seopress_robots_primary_cat":"","_seopress_titles_title":"","_seopress_titles_desc":"","_seopress_robots_index":""},"product_brand":[],"product_cat":[76,79,58,169,179,124,75,73,149,163,69,57,70],"product_tag":[],"class_list":{"0":"post-1498","1":"product","2":"type-product","3":"status-publish","4":"has-post-thumbnail","6":"product_cat-aerospace","7":"product_cat-emerging-fields","8":"product_cat-high-performance-silicone-rubber-search-by-product-line","9":"product_cat-high-performance-silicone-rubber-medical-and-health","10":"product_cat-high-performance-silicone-rubber-aerospace","11":"product_cat-liquid-silicone-rubber","12":"product_cat-medical-and-health","13":"product_cat-power-and-energy","14":"product_cat-sanexin-silicone-rubber","15":"product_cat-sanexin-silicone-rubber-power-and-energy","16":"product_cat-search-by-application","17":"product_cat-search-by-product-line","18":"product_cat-tires","20":"first","21":"instock","22":"shipping-taxable","23":"product-type-simple"},"acf":[],"_links":{"self":[{"href":"https:\/\/sanezenrubber.com\/es\/wp-json\/wp\/v2\/product\/1498","targetHints":{"allow":["GET"]}}],"collection":[{"href":"https:\/\/sanezenrubber.com\/es\/wp-json\/wp\/v2\/product"}],"about":[{"href":"https:\/\/sanezenrubber.com\/es\/wp-json\/wp\/v2\/types\/product"}],"wp:featuredmedia":[{"embeddable":true,"href":"https:\/\/sanezenrubber.com\/es\/wp-json\/wp\/v2\/media\/2480"}],"wp:attachment":[{"href":"https:\/\/sanezenrubber.com\/es\/wp-json\/wp\/v2\/media?parent=1498"}],"wp:term":[{"taxonomy":"product_brand","embeddable":true,"href":"https:\/\/sanezenrubber.com\/es\/wp-json\/wp\/v2\/product_brand?post=1498"},{"taxonomy":"product_cat","embeddable":true,"href":"https:\/\/sanezenrubber.com\/es\/wp-json\/wp\/v2\/product_cat?post=1498"},{"taxonomy":"product_tag","embeddable":true,"href":"https:\/\/sanezenrubber.com\/es\/wp-json\/wp\/v2\/product_tag?post=1498"}],"curies":[{"name":"wp","href":"https:\/\/api.w.org\/{rel}","templated":true}]}}