{"id":1530,"date":"2025-05-24T09:23:43","date_gmt":"2025-05-24T01:23:43","guid":{"rendered":"https:\/\/sanezenrubber.com\/?post_type=product&#038;p=1530"},"modified":"2025-07-04T15:14:37","modified_gmt":"2025-07-04T07:14:37","slug":"plastificante-ester-de-proteccion-medioambiental-sanepar-758","status":"publish","type":"product","link":"https:\/\/sanezenrubber.com\/es\/product\/environmental-protection-ester-plasticizer-sanepar-758\/","title":{"rendered":"Plastificante sin \u00e9steres de ftalato"},"content":{"rendered":"<table width=\"703\">\n<tbody>\n<tr>\n<td width=\"703\"><strong>Aplicaciones:<\/strong> Es adecuado para NBR, NV, HNBR, SBR, CR y otros productos de caucho sint\u00e9tico, PVC y resina de celulosa.<\/p>\n<p><strong>Clave<\/strong> <strong>beneficios:<\/strong><\/p>\n<p>Alto grado de protecci\u00f3n del medio ambiente: Sin ftalatos, cumplir con REACH191\u3001PAHS\u3001 RoHS 2.0 regulaci\u00f3n.<\/p>\n<p>Buena solubilidad y buena compatibilidad con el caucho, llenado hasta 50-70phr.<\/p>\n<p>Alto punto de inflamaci\u00f3n 216 \u2103, buena resistencia a la temperatura y buena resistencia al calor, mejor resistencia al fr\u00edo.<\/p>\n<p>Excelente resistencia a la extracci\u00f3n de aceite.<\/td>\n<\/tr>\n<\/tbody>\n<\/table>\n<p><strong>Propiedades t\u00edpicas<\/strong><strong>\uff1a<\/strong><\/p>\n<p>&nbsp;<\/p>\n<table width=\"632\">\n<tbody>\n<tr>\n<td width=\"160\"><strong>Art\u00edculo<\/strong><\/td>\n<td width=\"107\"><strong>Pruebas<\/strong> <strong>m\u00e9todo<\/strong><\/td>\n<td width=\"100\"><strong>Unidad<\/strong><\/td>\n<td width=\"130\"><strong>T\u00e9cnico<\/strong> <strong>Datos<\/strong><\/td>\n<td width=\"135\"><strong>Resultados<\/strong><\/td>\n<\/tr>\n<tr>\n<td width=\"160\">Apariencia<\/td>\n<td width=\"107\">GB\/T 1664-1995<\/td>\n<td width=\"100\">&#8212;<\/td>\n<td width=\"130\">Transparencia<\/td>\n<td width=\"135\">Transparencia<\/td>\n<\/tr>\n<tr>\n<td width=\"160\">Color<\/td>\n<td width=\"107\">GB\/T 605-2006<\/td>\n<td width=\"100\">APHA<\/td>\n<td width=\"130\">\u226430<\/td>\n<td width=\"135\">30<\/td>\n<\/tr>\n<tr>\n<td width=\"160\">Contenido<\/td>\n<td width=\"107\">GB\/T 9722-2006<\/td>\n<td width=\"100\">%<\/td>\n<td width=\"130\">\u226599.5<\/td>\n<td width=\"135\">99.7<\/td>\n<\/tr>\n<tr>\n<td width=\"160\">\u00cdndice de acidez<\/td>\n<td width=\"107\">GB\/T 1668-2008<\/td>\n<td width=\"100\">mgKOH\/g<\/td>\n<td width=\"130\">\u22640.05<\/td>\n<td width=\"135\">0.03<\/td>\n<\/tr>\n<tr>\n<td width=\"160\">Contenido en agua<\/td>\n<td width=\"107\">GB\/T 6283-2008<\/td>\n<td width=\"100\">%<\/td>\n<td width=\"130\">\u22640.1<\/td>\n<td width=\"135\">0.03<\/td>\n<\/tr>\n<tr>\n<td width=\"160\">Densidad relativa (25\/25\u2103)<\/td>\n<td width=\"107\">GB\/T 4472-2011<\/td>\n<td width=\"100\">g\/cm3<\/td>\n<td width=\"130\">0.97\uff5e0.98<\/td>\n<td width=\"135\">0.97<\/td>\n<\/tr>\n<tr>\n<td width=\"160\">Punto de inflamaci\u00f3n<\/td>\n<td width=\"107\">GB\/T 1671-2008<\/td>\n<td width=\"100\">\u2103<\/td>\n<td width=\"130\">210<\/td>\n<td width=\"135\">213<\/td>\n<\/tr>\n<\/tbody>\n<\/table>\n<p><strong>\u00a0<\/strong><\/p>\n<p><strong>Embalaje<\/strong><strong>\uff1a<\/strong>Envasado en bidones de hierro de 200L, peso neto 200KG;Envasado en cubo de pl\u00e1stico de 1000L, peso neto 1000KG.<\/p>\n<p>&nbsp;<\/p>\n<p>Para obtener m\u00e1s informaci\u00f3n sobre el producto, visite nuestro sitio web:<a href=\"http:\/\/www.sanezen.com\/\"><strong>www.sanezenrubber.com<\/strong><\/a><\/p>\n<p>&nbsp;<\/p>\n<table width=\"707\">\n<tbody>\n<tr>\n<td width=\"707\"><strong>Contacto:<\/strong><\/p>\n<p>Direcci\u00f3n de la planta: Baishou Road, Distrito Norte de la Zona de Desarrollo Econ\u00f3mico de Xuan Zhou, Ciudad de Xuan Cheng Provincia de Anhui, China.<\/p>\n<p>Direcci\u00f3n comercial: Oficina 1606-1608, Edificios Comerciales Boda, n\u00ba 11 Puhuitang Road Distrito de Xuhui,<\/p>\n<p>Shanghai, China 200030 Tel: +86 21 6487 9251 Fax: +86 21 5106 2693 E-mail:yorichen@sanezen.com<\/td>\n<\/tr>\n<tr>\n<td width=\"707\"><strong><u>Advertencia a los usuarios:\u00a0 <\/u><\/strong><\/p>\n<p>La informaci\u00f3n contenida en este documento se facilita de buena fe sobre la base de nuestros conocimientos actuales. Es s\u00f3lo una<\/p>\n<p>indicaci\u00f3n y no es en ning\u00fan caso vinculante, especialmente en lo que se refiere a la infracci\u00f3n o perjuicio de derechos de terceros por el uso de nuestros productos. Sanezen garantiza que sus productos se ajustan a sus especificaciones de venta. Esta informaci\u00f3n no debe utilizarse en ning\u00fan caso como sustituto de las pruebas previas necesarias, que son las \u00fanicas que pueden garantizar que un producto es adecuado para un uso determinado. La determinaci\u00f3n de la idoneidad del producto para los usos y aplicaciones contemplados por los usuarios y otros ser\u00e1 responsabilidad exclusiva de los usuarios. Los usuarios son responsables de garantizar el cumplimiento de la legislaci\u00f3n local y de<\/p>\n<p>obtener las certificaciones y autorizaciones necesarias. Se ruega a los usuarios que comprueben que disponen de la \u00faltima versi\u00f3n de este documento y Sanezen est\u00e1 a su disposici\u00f3n para facilitar cualquier informaci\u00f3n adicional.<\/td>\n<\/tr>\n<\/tbody>\n<\/table>\n<p>&nbsp;<\/p>","protected":false},"excerpt":{"rendered":"<p><strong>\u00a0<\/strong>Sanepar 758 es un plastificante de \u00e9ster incoloro, inodoro y respetuoso con el medio ambiente, que utiliza tecnolog\u00eda de injerto qu\u00edmico para mejorar la polaridad, la compatibilidad, la resistencia al calor, etc., para sustituir a las sales tradicionales de o-benceno, p-benceno (DOP, DOTP, etc.), \u00e1cido ad\u00edpico (DOA, etc.), \u00e1cido seb\u00e1cico (DOS, etc.) y otros plastificantes alif\u00e1ticos, de \u00e1cido alquilsulf\u00f3nico y de vinagre, y se utiliza ampliamente en las industrias del caucho y del pl\u00e1stico.<\/p>","protected":false},"featured_media":2425,"template":"","meta":{"_acf_changed":false,"_seopress_robots_primary_cat":"","_seopress_titles_title":"","_seopress_titles_desc":"","_seopress_robots_index":""},"product_brand":[],"product_cat":[71,65,145,152,69,57,70],"product_tag":[],"class_list":{"0":"post-1530","1":"product","2":"type-product","3":"status-publish","4":"has-post-thumbnail","6":"product_cat-automotive-industry","7":"product_cat-ester-environmental-plasticizer-search-by-product-line","8":"product_cat-ester-environmental-plasticizer-tires","9":"product_cat-ester-environmental-plasticizer-automotive-industry","10":"product_cat-search-by-application","11":"product_cat-search-by-product-line","12":"product_cat-tires","14":"first","15":"instock","16":"shipping-taxable","17":"product-type-simple"},"acf":[],"_links":{"self":[{"href":"https:\/\/sanezenrubber.com\/es\/wp-json\/wp\/v2\/product\/1530","targetHints":{"allow":["GET"]}}],"collection":[{"href":"https:\/\/sanezenrubber.com\/es\/wp-json\/wp\/v2\/product"}],"about":[{"href":"https:\/\/sanezenrubber.com\/es\/wp-json\/wp\/v2\/types\/product"}],"wp:featuredmedia":[{"embeddable":true,"href":"https:\/\/sanezenrubber.com\/es\/wp-json\/wp\/v2\/media\/2425"}],"wp:attachment":[{"href":"https:\/\/sanezenrubber.com\/es\/wp-json\/wp\/v2\/media?parent=1530"}],"wp:term":[{"taxonomy":"product_brand","embeddable":true,"href":"https:\/\/sanezenrubber.com\/es\/wp-json\/wp\/v2\/product_brand?post=1530"},{"taxonomy":"product_cat","embeddable":true,"href":"https:\/\/sanezenrubber.com\/es\/wp-json\/wp\/v2\/product_cat?post=1530"},{"taxonomy":"product_tag","embeddable":true,"href":"https:\/\/sanezenrubber.com\/es\/wp-json\/wp\/v2\/product_tag?post=1530"}],"curies":[{"name":"wp","href":"https:\/\/api.w.org\/{rel}","templated":true}]}}