{"id":1587,"date":"2025-05-24T10:05:52","date_gmt":"2025-05-24T02:05:52","guid":{"rendered":"https:\/\/sanezenrubber.com\/?post_type=product&#038;p=1587"},"modified":"2025-07-04T14:35:42","modified_gmt":"2025-07-04T06:35:42","slug":"high-efficiency-silica-dispersant-greenthinking-dp25w","status":"publish","type":"product","link":"https:\/\/sanezenrubber.com\/es\/product\/high-efficiency-silica-dispersant-greenthinking-dp25w\/","title":{"rendered":"Dispersante de s\u00edlice"},"content":{"rendered":"<p><strong>Aplicaci\u00f3n<\/strong><strong>: <\/strong>Adecuado para caucho natural, caucho sint\u00e9tico y caucho regenerado.<\/p>\n<p><strong>Caracter\u00edsticas principales<\/strong>:<\/p>\n<ol>\n<li>Mejora la dispersi\u00f3n de s\u00edlice\/relleno inorg\u00e1nico, optimizando el procesamiento y las propiedades mec\u00e1nicas.<\/li>\n<li>Mejora el brillo superficial para aplicaciones en industrias alimentaria, calzado y el\u00e9ctrica.<\/li>\n<li>Reduce el riesgo de scorch, ideal para extrusi\u00f3n\/moldeado por inyecci\u00f3n con altos requisitos de seguridad.<\/li>\n<\/ol>\n<p><strong>\u00a0<\/strong><\/p>\n<p><strong>Datos f\u00edsicos t\u00edpicos<\/strong><strong>\u00a0<\/strong>(Valores t\u00edpicos s\u00f3lo como referencia):<\/p>\n<table width=\"699\">\n<tbody>\n<tr>\n<td width=\"173\">Elemento de prueba<\/td>\n<td width=\"164\">M\u00e9todo de ensayo<\/td>\n<td width=\"139\">Normas de ensayo<\/td>\n<td width=\"223\">Resultados de las pruebas<\/td>\n<\/tr>\n<tr>\n<td width=\"173\">Apariencia<\/td>\n<td width=\"164\">Inspecci\u00f3n visual<\/td>\n<td width=\"139\">Gr\u00e1nulos blancos<\/td>\n<td width=\"223\">Conforme<\/td>\n<\/tr>\n<tr>\n<td width=\"173\">Contenido en cenizas (950\u00b0C)<\/td>\n<td width=\"164\">GB\/T 11409-2008<\/td>\n<td width=\"139\">\u226430.0%<\/td>\n<td width=\"223\">0.2156<\/td>\n<\/tr>\n<tr>\n<td width=\"173\">P\u00e9rdida al calentar (55\u00b0C)<\/td>\n<td width=\"164\">GB\/T 11409-2008<\/td>\n<td width=\"139\">\u22642.0%<\/td>\n<td width=\"223\">0.0076<\/td>\n<\/tr>\n<tr>\n<td width=\"173\">pH (soluci\u00f3n 5%)<\/td>\n<td width=\"164\">GB\/T 15344-2012<\/td>\n<td width=\"139\">7.0-10.0<\/td>\n<td width=\"223\">8.82<\/td>\n<\/tr>\n<\/tbody>\n<\/table>\n<p>&nbsp;<\/p>\n<p><strong>Utilizaci\u00f3n<\/strong>:<br \/>\nA\u00f1adir DP25W durante la mezcla. Se recomienda la adici\u00f3n en una sola etapa.<\/p>\n<p><strong>\u00a0<\/strong><\/p>\n<p><strong>Dosis recomendada<\/strong>:<br \/>\n1-4 phr (aumento para cauchos polares).<\/p>\n<p>&nbsp;<\/p>\n<p><strong>Embalaje:<\/strong> 25KG\/bolsa.<\/p>\n<p><strong>\u00a0<\/strong><\/p>\n<p><strong>Almacenamiento: <\/strong>Almacenar en un lugar fresco, seco y bien ventilado en condiciones de estanqueidad.<\/p>\n<p>&nbsp;<\/p>\n<p>Para obtener m\u00e1s informaci\u00f3n sobre el producto, visite nuestro sitio web: <a href=\"http:\/\/www.sanezen.com\"><strong>www.sanezenrubber.com<\/strong><\/a><\/p>\n<table width=\"707\">\n<tbody>\n<tr>\n<td width=\"707\"><strong>Contacto:<\/strong><\/p>\n<p>Direcci\u00f3n de la planta: No.6, Xinqing Road, Zona de Desarrollo Econ\u00f3mico Norte, Distrito de Xuanzhou, Ciudad de Xuancheng, Provincia de Anhui, 317300<\/p>\n<p>Direcci\u00f3n comercial Room 1606-1608, Boda Commercial Buildings, No. 11 Puhuitang Road Xuhui District, Shanghai, China 200030 Tel: +86 21 6487 9251 Fax: +86 21 5106 2693 E-mail: yorichen@sanezen.com<\/td>\n<\/tr>\n<\/tbody>\n<\/table>\n<p>&nbsp;<\/p>\n<p>&nbsp;<\/p>\n<table width=\"707\">\n<tbody>\n<tr>\n<td width=\"707\"><strong>Declaraci\u00f3n importante: <\/strong><\/p>\n<p>La informaci\u00f3n contenida en este manual de instrucciones se facilita sobre la base de nuestros conocimientos actuales y nuestro buen cr\u00e9dito. Se trata \u00fanicamente de informaci\u00f3n indicativa y no es vinculante, en particular en lo que se refiere a da\u00f1os y perjuicios a los derechos de terceros durante el uso del producto. Shanghai Powerflex Materials Co., Ltd. garantiza que los productos que vende se ajustan a las especificaciones de venta. S\u00f3lo las pruebas previas necesarias pueden determinar la idoneidad de un producto para un fin determinado, y esta informaci\u00f3n no sustituye a las pruebas previas para determinar la idoneidad de un producto. Es responsabilidad del usuario garantizar el cumplimiento de la legislaci\u00f3n local y obtener los certificados y autorizaciones de uso necesarios. Se ruega al usuario que compruebe que ha obtenido la \u00faltima versi\u00f3n de este documento y Shanghai Powerflex Materials Co., Ltd. est\u00e1 dispuesta a proporcionar informaci\u00f3n adicional al cliente.<\/td>\n<\/tr>\n<\/tbody>\n<\/table>\n<p>&nbsp;<\/p>","protected":false},"excerpt":{"rendered":"<p>GreenThinking\u00ae DP25W es una mezcla granular blanca de alcoholes de alto peso molecular y jabones met\u00e1licos.<\/p>","protected":false},"featured_media":2458,"template":"","meta":{"_acf_changed":false,"_seopress_robots_primary_cat":"","_seopress_titles_title":"","_seopress_titles_desc":"","_seopress_robots_index":""},"product_brand":[],"product_cat":[76,71,74,136,60,147,154,161,166,181,73,69,57,70],"product_tag":[],"class_list":{"0":"post-1587","1":"product","2":"type-product","3":"status-publish","4":"has-post-thumbnail","6":"product_cat-aerospace","7":"product_cat-automotive-industry","8":"product_cat-consumer-goods","9":"product_cat-dispersing-agentdefoaming-agent-functional-rubber-additives-search-by-product-line","10":"product_cat-functional-rubber-additives-search-by-product-line","11":"product_cat-functional-rubber-additives-tires","12":"product_cat-functional-rubber-additives-automotive-industry","13":"product_cat-functional-rubber-additives-power-and-energy","14":"product_cat-functional-rubber-additives-consumer-goods","15":"product_cat-functional-rubber-additives-aerospace","16":"product_cat-power-and-energy","17":"product_cat-search-by-application","18":"product_cat-search-by-product-line","19":"product_cat-tires","21":"first","22":"instock","23":"shipping-taxable","24":"product-type-simple"},"acf":[],"_links":{"self":[{"href":"https:\/\/sanezenrubber.com\/es\/wp-json\/wp\/v2\/product\/1587","targetHints":{"allow":["GET"]}}],"collection":[{"href":"https:\/\/sanezenrubber.com\/es\/wp-json\/wp\/v2\/product"}],"about":[{"href":"https:\/\/sanezenrubber.com\/es\/wp-json\/wp\/v2\/types\/product"}],"wp:featuredmedia":[{"embeddable":true,"href":"https:\/\/sanezenrubber.com\/es\/wp-json\/wp\/v2\/media\/2458"}],"wp:attachment":[{"href":"https:\/\/sanezenrubber.com\/es\/wp-json\/wp\/v2\/media?parent=1587"}],"wp:term":[{"taxonomy":"product_brand","embeddable":true,"href":"https:\/\/sanezenrubber.com\/es\/wp-json\/wp\/v2\/product_brand?post=1587"},{"taxonomy":"product_cat","embeddable":true,"href":"https:\/\/sanezenrubber.com\/es\/wp-json\/wp\/v2\/product_cat?post=1587"},{"taxonomy":"product_tag","embeddable":true,"href":"https:\/\/sanezenrubber.com\/es\/wp-json\/wp\/v2\/product_tag?post=1587"}],"curies":[{"name":"wp","href":"https:\/\/api.w.org\/{rel}","templated":true}]}}