{"id":1589,"date":"2025-05-24T10:09:17","date_gmt":"2025-05-24T02:09:17","guid":{"rendered":"https:\/\/sanezenrubber.com\/?post_type=product&#038;p=1589"},"modified":"2025-07-04T14:31:22","modified_gmt":"2025-07-04T06:31:22","slug":"low-odor-environment-friendly-additive-greenthinkingag60","status":"publish","type":"product","link":"https:\/\/sanezenrubber.com\/es\/product\/low-odor-environment-friendly-additive-greenthinkingag60\/","title":{"rendered":"Bajo olor Respetuoso con el medio ambiente Aditivo para caucho"},"content":{"rendered":"<p><strong>Aplicaciones: <\/strong>Es adecuado para sistemas de vulcanizaci\u00f3n r\u00e1pida con azufre, especialmente para productos de extrusi\u00f3n y perfil, como tiras de sellado y mangueras de goma.<\/p>\n<p>&nbsp;<\/p>\n<p><strong>Ventajas clave:<\/strong><\/p>\n<ul>\n<li>Protecci\u00f3n ambiental: no contiene aminas secundarias que puedan formar grupos nitroso, por lo que no producir\u00e1 nitrosaminas; el producto tiene poco olor,<\/li>\n<li>Evitar el fen\u00f3meno de v\u00f3mito de escarcha en el producto;<\/li>\n<li>Producto granulados, f\u00e1cil de a\u00f1adir, sin contaminaci\u00f3n por polvo;<\/li>\n<li>Mezcla r\u00e1pida, f\u00e1cil de dispersar, alta seguridad en el procesamiento y prevenci\u00f3n de quemaduras;<\/li>\n<li>Despu\u00e9s de la vulcanizaci\u00f3n, el compuesto de caucho tiene una alta densidad de reticulaci\u00f3n y baja deformaci\u00f3n por compresi\u00f3n;<\/li>\n<li>Un solo acelerador integral que es f\u00e1cil de aplicar, reduciendo la desviaci\u00f3n causada por<\/li>\n<\/ul>\n<p>la mezcla de m\u00faltiples materias primas.<\/p>\n<p>&nbsp;<\/p>\n<p><strong>Propiedades t\u00edpicas y recomendaciones de formulaci\u00f3n:<\/strong><\/p>\n<p><strong>Propiedades t\u00edpicas:<\/strong><\/p>\n<p><strong>\u00a0<\/strong><\/p>\n<table>\n<tbody>\n<tr>\n<td width=\"199\">Elemento de prueba<\/td>\n<td width=\"104\">Unidad<\/td>\n<td width=\"227\">Resultados de las pruebas<\/td>\n<\/tr>\n<tr>\n<td width=\"199\">Apariencia<\/td>\n<td width=\"104\"><\/td>\n<td width=\"227\">Granos grises<\/td>\n<\/tr>\n<tr>\n<td width=\"199\">Pantalla de filtro<\/td>\n<td width=\"104\">N\u00famero de unidades<\/td>\n<td width=\"227\">100<\/td>\n<\/tr>\n<tr>\n<td width=\"199\">Contenido activo<\/td>\n<td width=\"104\">%<\/td>\n<td width=\"227\">80<\/td>\n<\/tr>\n<tr>\n<td width=\"199\">Contenido de azufre<\/td>\n<td width=\"104\">%<\/td>\n<td width=\"227\">16.5<\/td>\n<\/tr>\n<tr>\n<td width=\"199\">Densidad (20\u00b0C)<\/td>\n<td width=\"104\">g\/cm3<\/td>\n<td width=\"227\">1.23<\/td>\n<\/tr>\n<\/tbody>\n<\/table>\n<p><strong>\u00a0<\/strong><\/p>\n<p><strong>Recomendaciones de formulaci\u00f3n<\/strong><strong>\uff1a<\/strong><\/p>\n<p><strong>\u00a0<\/strong><\/p>\n<table>\n<tbody>\n<tr>\n<td width=\"191\"><strong>Nombre de la materia prima<\/strong><\/td>\n<td width=\"165\"><strong>Producto extruido (unidad phr)<\/strong><\/td>\n<td width=\"181\"><strong>Otros productos (unidad phr)<\/strong><\/td>\n<\/tr>\n<tr>\n<td width=\"191\">EPDM<\/td>\n<td width=\"165\">100<\/td>\n<td width=\"181\">100<\/td>\n<\/tr>\n<tr>\n<td width=\"191\">AG 60<\/td>\n<td width=\"165\">4.0-7.0<\/td>\n<td width=\"181\">3.0-6.0<\/td>\n<\/tr>\n<tr>\n<td width=\"191\">Azufre<\/td>\n<td width=\"165\">0.8-1.5<\/td>\n<td width=\"181\">0.8-1.5<\/td>\n<\/tr>\n<\/tbody>\n<\/table>\n<p><strong>\u00a0<\/strong><\/p>\n<p><strong>Embalaje: <\/strong>Cart\u00f3n forrado con bolsa de PE, peso neto 25KG por cart\u00f3n; 600 kg\/pal\u00e9.<\/p>\n<p>&nbsp;<\/p>\n<p><strong>Almacenamiento: <\/strong>Sellado y almacenado en un lugar fresco, seco y bien ventilado, la vida \u00fatil recomendada del producto es de 1 a\u00f1o.<\/p>\n<p>&nbsp;<\/p>\n<table>\n<tbody>\n<tr>\n<td width=\"707\"><strong>Contacto:<\/strong><\/p>\n<p>Direcci\u00f3n de la planta: Baishou Road, Distrito Norte de la Zona de Desarrollo Econ\u00f3mico de Xuan Zhou, Ciudad de Xuan Cheng Provincia de Anhui, China.<\/p>\n<p>Direcci\u00f3n Comercial: Habitaci\u00f3n 1606-1608, Edificios Comerciales Boda, No. 11 Puhuitang Road Distrito de Xuhui, Shangh\u00e1i, China 200030\u00a0\u00a0\u00a0\u00a0\u00a0\u00a0\u00a0\u00a0\u00a0\u00a0\u00a0\u00a0\u00a0\u00a0 Tel: +86 21 6487 9251\u00a0\u00a0\u00a0 Fax: +86 215106 2693<br \/>\nCorreo electr\u00f3nico: <a href=\"mailto:kevenwang@sanezen.com\">yorichen@sanezen.com<\/a><\/td>\n<\/tr>\n<tr>\n<td width=\"707\"><strong><u>Advertencia a los usuarios: <\/u><\/strong><\/p>\n<p>La informaci\u00f3n contenida en este documento se facilita de buena fe sobre la base de nuestros conocimientos actuales. Es s\u00f3lo una indicaci\u00f3n y no es en ning\u00fan caso vinculante, especialmente en lo que se refiere a la infracci\u00f3n o perjuicio de derechos de terceros por el uso de nuestros productos. Sanezen garantiza que sus productos se ajustan a sus especificaciones de venta. Esta informaci\u00f3n no debe utilizarse en ning\u00fan caso como sustituto de las pruebas previas necesarias, que son las \u00fanicas que pueden garantizar que un producto es adecuado para un uso determinado. La determinaci\u00f3n de la idoneidad del producto para los usos y aplicaciones contemplados por los usuarios y otros ser\u00e1 responsabilidad exclusiva de los usuarios. Los usuarios son responsables de garantizar el cumplimiento de la legislaci\u00f3n local y de obtener las certificaciones y autorizaciones necesarias. Se ruega a los usuarios que comprueben que disponen de la \u00faltima versi\u00f3n de este documento y Sanezen est\u00e1 a su disposici\u00f3n para facilitar cualquier informaci\u00f3n adicional.<\/td>\n<\/tr>\n<\/tbody>\n<\/table>\n<p>&nbsp;<\/p>","protected":false},"excerpt":{"rendered":"<p>AG60 es un acelerador integral que es una combinaci\u00f3n sin\u00e9rgica de ditiofosfato de zinc, benzotiazol y aceleradores de sulfenamida, con bajo olor. Tiene una fuerte actividad de desinfecci\u00f3n, desinfecci\u00f3n r\u00e1pida y sin heladas spray acelerador especial. Industria del caucho, especialmente indicado para productos de caucho superpuestos y perfilados, etc.<\/p>","protected":false},"featured_media":2456,"template":"","meta":{"_acf_changed":false,"_seopress_robots_primary_cat":"","_seopress_titles_title":"","_seopress_titles_desc":"","_seopress_robots_index":""},"product_brand":[],"product_cat":[71,72,79,60,97,154,159,161,73,137,69,57,70],"product_tag":[],"class_list":{"0":"post-1589","1":"product","2":"type-product","3":"status-publish","4":"has-post-thumbnail","6":"product_cat-automotive-industry","7":"product_cat-electronics-and-electrical","8":"product_cat-emerging-fields","9":"product_cat-functional-rubber-additives-search-by-product-line","10":"product_cat-functional-rubber-additives","11":"product_cat-functional-rubber-additives-automotive-industry","12":"product_cat-functional-rubber-additives-electronics-and-electrical","13":"product_cat-functional-rubber-additives-power-and-energy","14":"product_cat-power-and-energy","15":"product_cat-rubber-eco-friendly-accelerator","16":"product_cat-search-by-application","17":"product_cat-search-by-product-line","18":"product_cat-tires","20":"first","21":"instock","22":"shipping-taxable","23":"product-type-simple"},"acf":[],"_links":{"self":[{"href":"https:\/\/sanezenrubber.com\/es\/wp-json\/wp\/v2\/product\/1589","targetHints":{"allow":["GET"]}}],"collection":[{"href":"https:\/\/sanezenrubber.com\/es\/wp-json\/wp\/v2\/product"}],"about":[{"href":"https:\/\/sanezenrubber.com\/es\/wp-json\/wp\/v2\/types\/product"}],"wp:featuredmedia":[{"embeddable":true,"href":"https:\/\/sanezenrubber.com\/es\/wp-json\/wp\/v2\/media\/2456"}],"wp:attachment":[{"href":"https:\/\/sanezenrubber.com\/es\/wp-json\/wp\/v2\/media?parent=1589"}],"wp:term":[{"taxonomy":"product_brand","embeddable":true,"href":"https:\/\/sanezenrubber.com\/es\/wp-json\/wp\/v2\/product_brand?post=1589"},{"taxonomy":"product_cat","embeddable":true,"href":"https:\/\/sanezenrubber.com\/es\/wp-json\/wp\/v2\/product_cat?post=1589"},{"taxonomy":"product_tag","embeddable":true,"href":"https:\/\/sanezenrubber.com\/es\/wp-json\/wp\/v2\/product_tag?post=1589"}],"curies":[{"name":"wp","href":"https:\/\/api.w.org\/{rel}","templated":true}]}}