{"id":1593,"date":"2025-05-24T11:34:42","date_gmt":"2025-05-24T03:34:42","guid":{"rendered":"https:\/\/sanezenrubber.com\/?post_type=product&#038;p=1593"},"modified":"2025-07-28T16:20:16","modified_gmt":"2025-07-28T08:20:16","slug":"nano-silica-green-thinking-pt-210","status":"publish","type":"product","link":"https:\/\/sanezenrubber.com\/es\/product\/nano-silica-green-thinking-pt-210\/","title":{"rendered":"S\u00edlice precipitada de gran pureza"},"content":{"rendered":"<h3><strong>Su fabricante y proveedor de s\u00edlice precipitada de confianza<\/strong><\/h3>\n<p class=\"ds-markdown-paragraph\">Como l\u00edder\u00a0<strong>fabricantes de s\u00edlice precipitada en China<\/strong>\u00a0y proveedor global, SANEZEN Group presenta con orgullo\u00a0<strong>GreenThinking PT-218<\/strong>\u00a0\u2013 una nano-s\u00edlice de alto rendimiento dise\u00f1ada para la excelencia. Nuestra\u00a0<strong>f\u00e1brica de s\u00edlice precipitada<\/strong>\u00a0combina tecnolog\u00eda de vanguardia con producci\u00f3n sostenible para ofrecer soluciones de refuerzo superiores para las industrias del caucho, pl\u00e1sticos y recubrimientos.<\/p>\n<hr \/>\n<h3><strong>\u00bfPor qu\u00e9 elegir nuestra s\u00edlice precipitada?<\/strong><\/h3>\n<ul>\n<li>\n<p class=\"ds-markdown-paragraph\"><strong>Calidad superior<\/strong>: Alta pureza (\u2264150mg\/kg de contenido de Fe) con excelentes propiedades de transparencia y antiamarillamiento<\/p>\n<\/li>\n<li>\n<p class=\"ds-markdown-paragraph\"><strong>Soluciones Personalizadas<\/strong>: Como profesional\u00a0<strong>proveedores de s\u00edlice precipitada en China<\/strong>, adaptamos el tama\u00f1o de part\u00edcula (D50 10-14\u03bcm) y la superficie (190-230m\u00b2\/g) a sus necesidades espec\u00edficas<\/p>\n<\/li>\n<li>\n<p class=\"ds-markdown-paragraph\"><strong>Superioridad t\u00e9cnica<\/strong>: La absorci\u00f3n \u00f3ptima de DBP (2.10-2.50ml\/g) garantiza una dispersi\u00f3n perfecta en sus formulaciones<\/p>\n<\/li>\n<\/ul>\n<p class=\"ds-markdown-paragraph\"><strong>Aplicaciones Clave<\/strong>:<br \/>\n\u2713 Refuerzo de caucho \u2713 Modificaci\u00f3n de pl\u00e1sticos \u2713 Recubrimientos de alto rendimiento<\/p>\n<p><strong><b>Principales ventajas<\/b><\/strong><strong><b>:<\/b><\/strong><\/p>\n<ul>\n<li>Excelente transparencia<\/li>\n<li>Alto refuerzo<\/li>\n<li>Alta pureza<\/li>\n<li>Buena dispersi\u00f3n<\/li>\n<li>Inerte, no t\u00f3xico, inodoro.<\/li>\n<\/ul>\n<p><strong><b>Especificaci\u00f3n<\/b><\/strong><strong><b>:<\/b><\/strong><\/p>\n<table>\n<tbody>\n<tr>\n<td width=\"321\">Par\u00e1metro de prueba<\/td>\n<td width=\"116\">Unidad<\/td>\n<td width=\"224\">Est\u00e1ndar<\/td>\n<td width=\"200\">M\u00e9todos de ensayo<\/td>\n<\/tr>\n<tr>\n<td width=\"321\">Apariencia<\/td>\n<td width=\"116\"><\/td>\n<td width=\"224\">Polvo blanco<\/td>\n<td width=\"200\">HG\/T 3063<\/td>\n<\/tr>\n<tr>\n<td width=\"321\">P\u00e9rdida por secado(2Hrs.105\u2103 )<\/td>\n<td width=\"116\">%<\/td>\n<td width=\"224\">\u22647.0<\/td>\n<td width=\"200\">HG\/T 3065<\/td>\n<\/tr>\n<tr>\n<td width=\"321\">P\u00e9rdida de ignici\u00f3n 1000\u2103<\/td>\n<td width=\"116\">%<\/td>\n<td width=\"224\">4.0-7.0<\/td>\n<td width=\"200\">HG\/T 3066<\/td>\n<\/tr>\n<tr>\n<td width=\"321\">\u00a0Valor pH<\/p>\n<p>(10% suspensi\u00f3n acuosa)<\/td>\n<td width=\"116\">&#8211;<\/td>\n<td width=\"224\">6.2-7.4<\/td>\n<td width=\"200\">HG\/T 3067<\/td>\n<\/tr>\n<tr>\n<td width=\"321\">Contenido en Fe<\/td>\n<td width=\"116\">mg\/kg<\/td>\n<td width=\"224\">\u2264150<\/td>\n<td width=\"200\">HG\/T 3070<\/td>\n<\/tr>\n<tr>\n<td width=\"321\">Absorci\u00f3n de DBP<\/td>\n<td width=\"116\">ml\/g<\/td>\n<td width=\"224\">2.00-2.40<\/td>\n<td width=\"200\">HG\/T 3072<\/td>\n<\/tr>\n<tr>\n<td width=\"321\">Superficie BET<\/td>\n<td width=\"116\">m2\/g<\/td>\n<td width=\"224\">135-175<\/td>\n<td width=\"200\">GB\/T 10722-2014<\/td>\n<\/tr>\n<tr>\n<td width=\"321\">Sal soluble (Na2SO4)<\/td>\n<td width=\"116\">%<\/td>\n<td width=\"224\">\u22640.5<\/td>\n<td width=\"200\">HG\/T 3748<\/td>\n<\/tr>\n<tr>\n<td width=\"321\">Tama\u00f1o medio D50<\/td>\n<td width=\"116\">\u03bcm<\/td>\n<td width=\"224\">10.5-14.5<\/td>\n<td width=\"200\">GB\/T 32698-2016<\/td>\n<\/tr>\n<\/tbody>\n<\/table>\n<p><strong><b>Embalaje<\/b><\/strong><strong><b>:<\/b><\/strong>15 kg\/saco<\/p>\n<p><strong><b>Almacenamiento y caducidad:<\/b><\/strong><strong><b>\u00a0<\/b><\/strong>Esta serie se puede almacenar en su embalaje original sin abrir en la ventilaci\u00f3n y el lugar fresco, Evite la lluvia y la humedad durante un m\u00e1ximo de 24 meses a partir de la fecha de fabricaci\u00f3n.<\/p>\n<p>Para obtener m\u00e1s informaci\u00f3n sobre el producto, visite nuestro sitio web:<strong>\u00a0<\/strong><a href=\"http:\/\/www.sanezen.com\"><strong><u>www.sanezenrubber.com<\/u><\/strong><\/a><\/p>\n<table>\n<tbody>\n<tr>\n<td width=\"883\"><strong>Contacto:<\/strong><\/p>\n<p>Direcci\u00f3n de la planta: Baishou Road, Distrito Norte de la Zona de Desarrollo Econ\u00f3mico de Xuan Zhou, Ciudad de Xuan Cheng Provincia de Anhui, China.<\/p>\n<p>Direcci\u00f3n comercial Room 1606-1608, Boda Commercial Buildings, No. 11 Puhuitang Road Xuhui District, Shanghai, China 200030 Tel: +86 21 6487 9251 Fax: +86 21 5106 2693 E-mail: yorichen@sanezen.com<\/td>\n<\/tr>\n<tr>\n<td width=\"883\"><strong><u>Advertencia a los usuarios<\/u><\/strong><strong><u>:<\/u><\/strong><strong><u>\u00a0<\/u><\/strong><\/p>\n<p>La informaci\u00f3n contenida en este documento se facilita de buena fe sobre la base de nuestros conocimientos actuales. Es s\u00f3lo una indicaci\u00f3n y no es en modo alguno vinculante, especialmente en lo que se refiere a la infracci\u00f3n o perjuicio de derechos de terceros por el uso de nuestros productos. SaneZen garantiza que sus productos se ajustan a sus especificaciones de venta. Esta informaci\u00f3n no debe utilizarse en ning\u00fan caso como sustituto de las pruebas previas necesarias, que son las \u00fanicas que pueden garantizar que un producto es adecuado para un uso determinado. La determinaci\u00f3n de la idoneidad del producto para los usos y aplicaciones contemplados por los usuarios y otros ser\u00e1 responsabilidad exclusiva de los usuarios. Los usuarios son responsables de garantizar el cumplimiento de la legislaci\u00f3n local y de obtener las certificaciones y autorizaciones necesarias. Se ruega a los usuarios que comprueben que disponen de la \u00faltima versi\u00f3n de este documento y SaneZen est\u00e1 a su disposici\u00f3n para facilitar cualquier informaci\u00f3n adicional.<\/td>\n<\/tr>\n<\/tbody>\n<\/table>\n<p><strong>\u00a0<\/strong><\/p>","protected":false},"excerpt":{"rendered":"<p>Green Thinking PT-210 es una s\u00edlice precipitada superfina de alta pureza, buena adsorci\u00f3n y dispersi\u00f3n. Tiene una excelente transparencia y buen refuerzo y alto rendimiento anti-amarilleo, ampliamente utilizado en la industria del caucho y pl\u00e1stico.<\/p>","protected":false},"featured_media":2453,"template":"","meta":{"_acf_changed":false,"_seopress_robots_primary_cat":"","_seopress_titles_title":"","_seopress_titles_desc":"","_seopress_robots_index":""},"product_brand":[],"product_cat":[76,74,78,139,160,165,168,184,75,73,116,142,69,57],"product_tag":[],"class_list":{"0":"post-1593","1":"product","2":"type-product","3":"status-publish","4":"has-post-thumbnail","6":"product_cat-aerospace","7":"product_cat-consumer-goods","8":"product_cat-food-and-agriculture","9":"product_cat-functional-reinforcement-materials-search-by-product-line","10":"product_cat-functional-reinforcement-materials-power-and-energy","11":"product_cat-functional-reinforcement-materials-consumer-goods","12":"product_cat-functional-reinforcement-materials-medical-and-health","13":"product_cat-functional-reinforcement-materials-aerospace","14":"product_cat-medical-and-health","15":"product_cat-power-and-energy","16":"product_cat-pt-series-precipitated-silica","17":"product_cat-pt-series-precipitated-silica-functional-reinforcement-materials-search-by-product-line","18":"product_cat-search-by-application","19":"product_cat-search-by-product-line","21":"first","22":"instock","23":"shipping-taxable","24":"product-type-simple"},"acf":[],"_links":{"self":[{"href":"https:\/\/sanezenrubber.com\/es\/wp-json\/wp\/v2\/product\/1593","targetHints":{"allow":["GET"]}}],"collection":[{"href":"https:\/\/sanezenrubber.com\/es\/wp-json\/wp\/v2\/product"}],"about":[{"href":"https:\/\/sanezenrubber.com\/es\/wp-json\/wp\/v2\/types\/product"}],"wp:featuredmedia":[{"embeddable":true,"href":"https:\/\/sanezenrubber.com\/es\/wp-json\/wp\/v2\/media\/2453"}],"wp:attachment":[{"href":"https:\/\/sanezenrubber.com\/es\/wp-json\/wp\/v2\/media?parent=1593"}],"wp:term":[{"taxonomy":"product_brand","embeddable":true,"href":"https:\/\/sanezenrubber.com\/es\/wp-json\/wp\/v2\/product_brand?post=1593"},{"taxonomy":"product_cat","embeddable":true,"href":"https:\/\/sanezenrubber.com\/es\/wp-json\/wp\/v2\/product_cat?post=1593"},{"taxonomy":"product_tag","embeddable":true,"href":"https:\/\/sanezenrubber.com\/es\/wp-json\/wp\/v2\/product_tag?post=1593"}],"curies":[{"name":"wp","href":"https:\/\/api.w.org\/{rel}","templated":true}]}}